{"id":3228,"date":"2023-10-26T09:20:54","date_gmt":"2023-10-26T07:20:54","guid":{"rendered":"https:\/\/lamaisonduleckerlis.fr\/?page_id=3228"},"modified":"2024-05-03T10:50:32","modified_gmt":"2024-05-03T08:50:32","slug":"a-propos","status":"publish","type":"page","link":"https:\/\/lamaisonduleckerlis.fr\/de\/a-propos\/","title":{"rendered":"\u00dcber uns"},"content":{"rendered":"<div data-elementor-type=\"wp-page\" data-elementor-id=\"3228\" class=\"elementor elementor-3228\" data-elementor-post-type=\"page\">\n\t\t\t\t\t\t<section class=\"elementor-section elementor-top-section elementor-element elementor-element-d3e0fe4 elementor-section-boxed elementor-section-height-default elementor-section-height-default\" data-id=\"d3e0fe4\" data-element_type=\"section\" data-settings=\"{&quot;background_background&quot;:&quot;classic&quot;}\">\n\t\t\t\t\t\t<div class=\"elementor-container elementor-column-gap-default\">\n\t\t\t\t\t<div class=\"elementor-column elementor-col-50 elementor-top-column elementor-element elementor-element-1d656b1\" data-id=\"1d656b1\" data-element_type=\"column\">\n\t\t\t<div class=\"elementor-widget-wrap elementor-element-populated\">\n\t\t\t\t\t\t<div class=\"elementor-element elementor-element-8e93545 elementor-widget elementor-widget-image\" data-id=\"8e93545\" data-element_type=\"widget\" data-widget_type=\"image.default\">\n\t\t\t\t<div class=\"elementor-widget-container\">\n\t\t\t\t\t\t\t\t\t\t\t\t\t\t\t<img fetchpriority=\"high\" decoding=\"async\" width=\"600\" height=\"400\" src=\"https:\/\/i0.wp.com\/lamaisonduleckerlis.fr\/wp-content\/uploads\/2024\/01\/cathedrale.webp?fit=600%2C400&amp;ssl=1\" class=\"attachment-large size-large wp-image-3826\" alt=\"\" srcset=\"https:\/\/i0.wp.com\/lamaisonduleckerlis.fr\/wp-content\/uploads\/2024\/01\/cathedrale.webp?w=600&amp;ssl=1 600w, https:\/\/i0.wp.com\/lamaisonduleckerlis.fr\/wp-content\/uploads\/2024\/01\/cathedrale.webp?resize=300%2C200&amp;ssl=1 300w, https:\/\/i0.wp.com\/lamaisonduleckerlis.fr\/wp-content\/uploads\/2024\/01\/cathedrale.webp?resize=18%2C12&amp;ssl=1 18w, https:\/\/i0.wp.com\/lamaisonduleckerlis.fr\/wp-content\/uploads\/2024\/01\/cathedrale.webp?resize=64%2C43&amp;ssl=1 64w\" sizes=\"(max-width: 600px) 100vw, 600px\" \/>\t\t\t\t\t\t\t\t\t\t\t\t\t\t\t<\/div>\n\t\t\t\t<\/div>\n\t\t\t\t\t<\/div>\n\t\t<\/div>\n\t\t\t\t<div class=\"elementor-column elementor-col-50 elementor-top-column elementor-element elementor-element-b24abef\" data-id=\"b24abef\" data-element_type=\"column\">\n\t\t\t<div class=\"elementor-widget-wrap elementor-element-populated\">\n\t\t\t\t\t\t<div class=\"elementor-element elementor-element-6860eda elementor-widget elementor-widget-heading\" data-id=\"6860eda\" data-element_type=\"widget\" data-widget_type=\"heading.default\">\n\t\t\t\t<div class=\"elementor-widget-container\">\n\t\t\t\t\t<h2 class=\"elementor-heading-title elementor-size-default\">L'Histoire de la maison<\/h2>\t\t\t\t<\/div>\n\t\t\t\t<\/div>\n\t\t\t\t<div class=\"elementor-element elementor-element-e038dd3 elementor-widget elementor-widget-heading\" data-id=\"e038dd3\" data-element_type=\"widget\" data-widget_type=\"heading.default\">\n\t\t\t\t<div class=\"elementor-widget-container\">\n\t\t\t\t\t<h2 class=\"elementor-heading-title elementor-size-default\">Bienvenue \u00e0 La Maison du Leckerlis, une institution alsacienne authentique, qui \u00e0 \u00e9t\u00e9 fond\u00e9e il y a plus de 25 ans au plein coeur de Strasbourg au pied de notre belle cath\u00e9drale,  <br><br>\nNotre boutique, nich\u00e9e en plein c\u0153ur de Strasbourg, sur la place de la cath\u00e9drale, est l'expression m\u00eame de l'amour et du d\u00e9vouement que nous portons \u00e0 notre client\u00e8le et \u00e0 nos produits.<br><br>\n\nL'id\u00e9e ma\u00eetresse qui a toujours guid\u00e9 nos choix de produits est simple mais essentielle : offrir \u00e0 nos clients ce que nous offririons de mieux \u00e0 nos proches. <br><br>Cette qu\u00eate inlassable de qualit\u00e9 nous a permis de devenir la r\u00e9f\u00e9rence en mati\u00e8re de pains d'\u00e9pices, de Bredele, et de confitures artisanales. Notre best-seller, le Leckerlis, a m\u00eame donn\u00e9 son nom \u00e0 notre boutique et \u00e0 notre site.\n\n<\/h2>\t\t\t\t<\/div>\n\t\t\t\t<\/div>\n\t\t\t\t\t<\/div>\n\t\t<\/div>\n\t\t\t\t\t<\/div>\n\t\t<\/section>\n\t\t\t\t<section class=\"elementor-section elementor-top-section elementor-element elementor-element-c712b91 elementor-section-boxed elementor-section-height-default elementor-section-height-default\" data-id=\"c712b91\" data-element_type=\"section\" data-settings=\"{&quot;background_background&quot;:&quot;classic&quot;}\">\n\t\t\t\t\t\t<div class=\"elementor-container elementor-column-gap-default\">\n\t\t\t\t\t<div class=\"elementor-column elementor-col-50 elementor-top-column elementor-element elementor-element-22e3e8c\" data-id=\"22e3e8c\" data-element_type=\"column\">\n\t\t\t<div class=\"elementor-widget-wrap elementor-element-populated\">\n\t\t\t\t\t\t<div class=\"elementor-element elementor-element-22cd90d elementor-widget elementor-widget-heading\" data-id=\"22cd90d\" data-element_type=\"widget\" data-widget_type=\"heading.default\">\n\t\t\t\t<div class=\"elementor-widget-container\">\n\t\t\t\t\t<h2 class=\"elementor-heading-title elementor-size-default\">Alsace etc<\/h2>\t\t\t\t<\/div>\n\t\t\t\t<\/div>\n\t\t\t\t<div class=\"elementor-element elementor-element-a7d6686 elementor-widget elementor-widget-heading\" data-id=\"a7d6686\" data-element_type=\"widget\" data-widget_type=\"heading.default\">\n\t\t\t\t<div class=\"elementor-widget-container\">\n\t\t\t\t\t<h2 class=\"elementor-heading-title elementor-size-default\">Depuis 2021, nous proposons des produits fabriqu\u00e9s avec soin \u00e0 Ittenheim, dans l'Ackerland, par Alsace Traditions, un atelier de production \u00e0 moins de 15 kilom\u00e8tres de notre magasin. <br><br>C'est dans cet atelier que naissent nos d\u00e9licieux produits, portant les marques \"La Maison du Leckerlis\" pour les Bredeles et les pains d'\u00e9pices, \"La Fabrique \u00e0 Confitures\" pour nos confitures traditionnelles alsaciennes, et \"Elsass Baba\" pour une gamme exceptionnelle de babas en bocaux, allant du baba au rhum au baba \u00e0 la liqueur de pains d'\u00e9pices, sans oublier d'autres babas impr\u00e9gn\u00e9s des d\u00e9licieuses liqueurs de fruits alsaciennes.<br><br>\n\nL'ensemble de ces trois marques est produit avec le m\u00eame engagement envers la qualit\u00e9 qui a toujours caract\u00e9ris\u00e9 La Maison du Leckerlis. C'est \u00e9galement dans cette d\u00e9marche que nous avons soigneusement s\u00e9lectionn\u00e9 d'autres marques pour compl\u00e9ter notre offre et garantir \u00e0 notre client\u00e8le une exp\u00e9rience gourmande. <br><br>Chaque produit que vous trouverez chez nous a \u00e9t\u00e9 choisi avec soin et passion, car chez La Maison du Leckerlis, la tradition et l'authenticit\u00e9 alsaciennes sont au c\u0153ur de tout ce que nous faisons. <br>\n\nNous sommes fiers de vous accueillir dans notre boutique en ligne, o\u00f9 vous pourrez d\u00e9couvrir et savourer le fruit de notre engagement envers la tradition, la qualit\u00e9 et la satisfaction de notre pr\u00e9cieuse client\u00e8le.\n<\/h2>\t\t\t\t<\/div>\n\t\t\t\t<\/div>\n\t\t\t\t\t<\/div>\n\t\t<\/div>\n\t\t\t\t<div class=\"elementor-column elementor-col-50 elementor-top-column elementor-element elementor-element-b46f64d\" data-id=\"b46f64d\" data-element_type=\"column\">\n\t\t\t<div class=\"elementor-widget-wrap elementor-element-populated\">\n\t\t\t\t\t\t<div class=\"elementor-element elementor-element-6ca92ab elementor-widget elementor-widget-image\" data-id=\"6ca92ab\" data-element_type=\"widget\" data-widget_type=\"image.default\">\n\t\t\t\t<div class=\"elementor-widget-container\">\n\t\t\t\t\t\t\t\t\t\t\t\t\t\t\t<img decoding=\"async\" width=\"1024\" height=\"995\" src=\"https:\/\/i0.wp.com\/lamaisonduleckerlis.fr\/wp-content\/uploads\/2024\/01\/20240117_110112.jpg?fit=1024%2C995&amp;ssl=1\" class=\"attachment-large size-large wp-image-3824\" alt=\"\" srcset=\"https:\/\/i0.wp.com\/lamaisonduleckerlis.fr\/wp-content\/uploads\/2024\/01\/20240117_110112.jpg?w=1648&amp;ssl=1 1648w, https:\/\/i0.wp.com\/lamaisonduleckerlis.fr\/wp-content\/uploads\/2024\/01\/20240117_110112.jpg?resize=300%2C292&amp;ssl=1 300w, https:\/\/i0.wp.com\/lamaisonduleckerlis.fr\/wp-content\/uploads\/2024\/01\/20240117_110112.jpg?resize=1024%2C995&amp;ssl=1 1024w, https:\/\/i0.wp.com\/lamaisonduleckerlis.fr\/wp-content\/uploads\/2024\/01\/20240117_110112.jpg?resize=768%2C747&amp;ssl=1 768w, https:\/\/i0.wp.com\/lamaisonduleckerlis.fr\/wp-content\/uploads\/2024\/01\/20240117_110112.jpg?resize=1536%2C1493&amp;ssl=1 1536w, https:\/\/i0.wp.com\/lamaisonduleckerlis.fr\/wp-content\/uploads\/2024\/01\/20240117_110112.jpg?resize=12%2C12&amp;ssl=1 12w, https:\/\/i0.wp.com\/lamaisonduleckerlis.fr\/wp-content\/uploads\/2024\/01\/20240117_110112.jpg?resize=600%2C583&amp;ssl=1 600w, https:\/\/i0.wp.com\/lamaisonduleckerlis.fr\/wp-content\/uploads\/2024\/01\/20240117_110112.jpg?resize=50%2C50&amp;ssl=1 50w, https:\/\/i0.wp.com\/lamaisonduleckerlis.fr\/wp-content\/uploads\/2024\/01\/20240117_110112.jpg?resize=64%2C62&amp;ssl=1 64w\" sizes=\"(max-width: 1024px) 100vw, 1024px\" \/>\t\t\t\t\t\t\t\t\t\t\t\t\t\t\t<\/div>\n\t\t\t\t<\/div>\n\t\t\t\t\t<\/div>\n\t\t<\/div>\n\t\t\t\t\t<\/div>\n\t\t<\/section>\n\t\t\t\t<section class=\"elementor-section elementor-top-section elementor-element elementor-element-53682f3 elementor-section-boxed elementor-section-height-default elementor-section-height-default\" data-id=\"53682f3\" data-element_type=\"section\" data-settings=\"{&quot;background_background&quot;:&quot;classic&quot;}\">\n\t\t\t\t\t\t<div class=\"elementor-container elementor-column-gap-default\">\n\t\t\t\t\t<div class=\"elementor-column elementor-col-50 elementor-top-column elementor-element elementor-element-9a72545\" data-id=\"9a72545\" data-element_type=\"column\">\n\t\t\t<div class=\"elementor-widget-wrap elementor-element-populated\">\n\t\t\t\t\t\t<div class=\"elementor-element elementor-element-4043891 elementor-widget elementor-widget-image\" data-id=\"4043891\" data-element_type=\"widget\" data-widget_type=\"image.default\">\n\t\t\t\t<div class=\"elementor-widget-container\">\n\t\t\t\t\t\t\t\t\t\t\t\t\t\t\t<img decoding=\"async\" width=\"617\" height=\"562\" src=\"https:\/\/i0.wp.com\/lamaisonduleckerlis.fr\/wp-content\/uploads\/2023\/10\/image-7.png?fit=617%2C562&amp;ssl=1\" class=\"attachment-large size-large wp-image-3247\" alt=\"\" srcset=\"https:\/\/i0.wp.com\/lamaisonduleckerlis.fr\/wp-content\/uploads\/2023\/10\/image-7.png?w=617&amp;ssl=1 617w, https:\/\/i0.wp.com\/lamaisonduleckerlis.fr\/wp-content\/uploads\/2023\/10\/image-7.png?resize=300%2C273&amp;ssl=1 300w, https:\/\/i0.wp.com\/lamaisonduleckerlis.fr\/wp-content\/uploads\/2023\/10\/image-7.png?resize=600%2C547&amp;ssl=1 600w, https:\/\/i0.wp.com\/lamaisonduleckerlis.fr\/wp-content\/uploads\/2023\/10\/image-7.png?resize=64%2C58&amp;ssl=1 64w\" sizes=\"(max-width: 617px) 100vw, 617px\" \/>\t\t\t\t\t\t\t\t\t\t\t\t\t\t\t<\/div>\n\t\t\t\t<\/div>\n\t\t\t\t\t<\/div>\n\t\t<\/div>\n\t\t\t\t<div class=\"elementor-column elementor-col-50 elementor-top-column elementor-element elementor-element-64761f7\" data-id=\"64761f7\" data-element_type=\"column\">\n\t\t\t<div class=\"elementor-widget-wrap elementor-element-populated\">\n\t\t\t\t\t\t<div class=\"elementor-element elementor-element-a95be51 elementor-widget elementor-widget-heading\" data-id=\"a95be51\" data-element_type=\"widget\" data-widget_type=\"heading.default\">\n\t\t\t\t<div class=\"elementor-widget-container\">\n\t\t\t\t\t<h2 class=\"elementor-heading-title elementor-size-default\">Comment nous trouver ?<\/h2>\t\t\t\t<\/div>\n\t\t\t\t<\/div>\n\t\t\t\t<div class=\"elementor-element elementor-element-8bc1d88 elementor-widget elementor-widget-heading\" data-id=\"8bc1d88\" data-element_type=\"widget\" data-widget_type=\"heading.default\">\n\t\t\t\t<div class=\"elementor-widget-container\">\n\t\t\t\t\t<h2 class=\"elementor-heading-title elementor-size-default\">Notre boutique est id\u00e9alement situ\u00e9e dans l'une des rues les plus pittoresques de cette ville historique, \u00e0 quelques pas de la majestueuse cath\u00e9drale de Strasbourg. Le charme de la vieille ville, avec ses rues pav\u00e9es et ses maisons \u00e0 colombages, vous enveloppera d\u00e8s que vous franchirez notre porte.<br><br>Que vous soyez un visiteur en qu\u00eate de souvenirs inoubliables ou un habitant \u00e0 la recherche de saveurs authentiques, notre boutique est un lieu de rendez-vous incontournable.\n<br><br>Alors, suivez le parfum envo\u00fbtant, \u00e9coutez le doux murmure des traditions alsaciennes et laissez-vous guider jusqu'\u00e0 nous. Nous avons h\u00e2te de vous accueillir au 23 Rue du Maroquin, o\u00f9 chaque instant est une invitation \u00e0 savourer la magie de l'Alsace.<\/h2>\t\t\t\t<\/div>\n\t\t\t\t<\/div>\n\t\t\t\t<div class=\"elementor-element elementor-element-fb45a61 elementor-align-center elementor-widget elementor-widget-button\" data-id=\"fb45a61\" data-element_type=\"widget\" data-widget_type=\"button.default\">\n\t\t\t\t<div class=\"elementor-widget-container\">\n\t\t\t\t\t\t\t\t\t<div class=\"elementor-button-wrapper\">\n\t\t\t\t\t<a class=\"elementor-button elementor-button-link elementor-size-sm\" href=\"https:\/\/maps.app.goo.gl\/njEPf3HAsY4gF8mE7\">\n\t\t\t\t\t\t<span class=\"elementor-button-content-wrapper\">\n\t\t\t\t\t\t\t\t\t<span class=\"elementor-button-text\">Sinon cliquez ici<\/span>\n\t\t\t\t\t<\/span>\n\t\t\t\t\t<\/a>\n\t\t\t\t<\/div>\n\t\t\t\t\t\t\t\t<\/div>\n\t\t\t\t<\/div>\n\t\t\t\t\t<\/div>\n\t\t<\/div>\n\t\t\t\t\t<\/div>\n\t\t<\/section>\n\t\t\t\t<section class=\"elementor-section elementor-top-section elementor-element elementor-element-53fa137 elementor-section-boxed elementor-section-height-default elementor-section-height-default\" data-id=\"53fa137\" data-element_type=\"section\" data-settings=\"{&quot;background_background&quot;:&quot;video&quot;,&quot;background_video_link&quot;:&quot;https:\\\/\\\/lamaisonduleckerlis.fr\\\/wp-content\\\/uploads\\\/2022\\\/11\\\/La-Torche-de-Noel-Background-Chalet-2021.mp4&quot;,&quot;background_video_start&quot;:0,&quot;background_play_on_mobile&quot;:&quot;yes&quot;}\">\n\t\t\t\t\t\t\t\t<div class=\"elementor-background-video-container\" aria-hidden=\"true\">\n\t\t\t\t\t\t\t\t\t\t\t\t\t<video class=\"elementor-background-video-hosted\" autoplay muted playsinline loop><\/video>\n\t\t\t\t\t\t\t\t\t\t\t<\/div>\n\t\t\t\t\t\t\t\t<div class=\"elementor-container elementor-column-gap-default\">\n\t\t\t\t\t<div class=\"elementor-column elementor-col-100 elementor-top-column elementor-element elementor-element-ed8a93d\" data-id=\"ed8a93d\" data-element_type=\"column\">\n\t\t\t<div class=\"elementor-widget-wrap\">\n\t\t\t\t\t\t\t<\/div>\n\t\t<\/div>\n\t\t\t\t\t<\/div>\n\t\t<\/section>\n\t\t\t\t<section class=\"elementor-section elementor-top-section elementor-element elementor-element-d00378f elementor-section-boxed elementor-section-height-default elementor-section-height-default\" data-id=\"d00378f\" data-element_type=\"section\" data-settings=\"{&quot;background_background&quot;:&quot;classic&quot;}\">\n\t\t\t\t\t\t<div class=\"elementor-container elementor-column-gap-default\">\n\t\t\t\t\t<div class=\"elementor-column elementor-col-100 elementor-top-column elementor-element elementor-element-b47bc56\" data-id=\"b47bc56\" data-element_type=\"column\">\n\t\t\t<div class=\"elementor-widget-wrap\">\n\t\t\t\t\t\t\t<\/div>\n\t\t<\/div>\n\t\t\t\t\t<\/div>\n\t\t<\/section>\n\t\t\t\t<\/div>","protected":false},"excerpt":{"rendered":"<p>L&#8217;Histoire de la maison Bienvenue \u00e0 La Maison du Leckerlis, une institution alsacienne authentique, qui \u00e0 \u00e9t\u00e9 fond\u00e9e il y a plus de 25 ans au plein coeur de Strasbourg au pied de notre belle cath\u00e9drale, Notre boutique, nich\u00e9e en plein c\u0153ur de Strasbourg, sur la place de la cath\u00e9drale, est l&#8217;expression m\u00eame de l&#8217;amour [&hellip;]<\/p>","protected":false},"author":3,"featured_media":0,"parent":0,"menu_order":0,"comment_status":"closed","ping_status":"closed","template":"elementor_header_footer","meta":{"site-sidebar-layout":"no-sidebar","site-content-layout":"page-builder","ast-site-content-layout":"full-width-container","site-content-style":"default","site-sidebar-style":"default","ast-global-header-display":"","ast-banner-title-visibility":"","ast-main-header-display":"","ast-hfb-above-header-display":"","ast-hfb-below-header-display":"","ast-hfb-mobile-header-display":"","site-post-title":"disabled","ast-breadcrumbs-content":"","ast-featured-img":"disabled","footer-sml-layout":"","ast-disable-related-posts":"","theme-transparent-header-meta":"","adv-header-id-meta":"","stick-header-meta":"","header-above-stick-meta":"","header-main-stick-meta":"","header-below-stick-meta":"","astra-migrate-meta-layouts":"set","ast-page-background-enabled":"default","ast-page-background-meta":{"desktop":{"background-color":"var(--ast-global-color-4)","background-image":"","background-repeat":"repeat","background-position":"center center","background-size":"auto","background-attachment":"scroll","background-type":"","background-media":"","overlay-type":"","overlay-color":"","overlay-opacity":"","overlay-gradient":""},"tablet":{"background-color":"","background-image":"","background-repeat":"repeat","background-position":"center center","background-size":"auto","background-attachment":"scroll","background-type":"","background-media":"","overlay-type":"","overlay-color":"","overlay-opacity":"","overlay-gradient":""},"mobile":{"background-color":"","background-image":"","background-repeat":"repeat","background-position":"center center","background-size":"auto","background-attachment":"scroll","background-type":"","background-media":"","overlay-type":"","overlay-color":"","overlay-opacity":"","overlay-gradient":""}},"ast-content-background-meta":{"desktop":{"background-color":"var(--ast-global-color-5)","background-image":"","background-repeat":"repeat","background-position":"center center","background-size":"auto","background-attachment":"scroll","background-type":"","background-media":"","overlay-type":"","overlay-color":"","overlay-opacity":"","overlay-gradient":""},"tablet":{"background-color":"var(--ast-global-color-5)","background-image":"","background-repeat":"repeat","background-position":"center center","background-size":"auto","background-attachment":"scroll","background-type":"","background-media":"","overlay-type":"","overlay-color":"","overlay-opacity":"","overlay-gradient":""},"mobile":{"background-color":"var(--ast-global-color-5)","background-image":"","background-repeat":"repeat","background-position":"center center","background-size":"auto","background-attachment":"scroll","background-type":"","background-media":"","overlay-type":"","overlay-color":"","overlay-opacity":"","overlay-gradient":""}},"footnotes":""},"class_list":["post-3228","page","type-page","status-publish","hentry"],"jetpack_sharing_enabled":true,"_links":{"self":[{"href":"https:\/\/lamaisonduleckerlis.fr\/de\/wp-json\/wp\/v2\/pages\/3228","targetHints":{"allow":["GET"]}}],"collection":[{"href":"https:\/\/lamaisonduleckerlis.fr\/de\/wp-json\/wp\/v2\/pages"}],"about":[{"href":"https:\/\/lamaisonduleckerlis.fr\/de\/wp-json\/wp\/v2\/types\/page"}],"author":[{"embeddable":true,"href":"https:\/\/lamaisonduleckerlis.fr\/de\/wp-json\/wp\/v2\/users\/3"}],"replies":[{"embeddable":true,"href":"https:\/\/lamaisonduleckerlis.fr\/de\/wp-json\/wp\/v2\/comments?post=3228"}],"version-history":[{"count":29,"href":"https:\/\/lamaisonduleckerlis.fr\/de\/wp-json\/wp\/v2\/pages\/3228\/revisions"}],"predecessor-version":[{"id":3863,"href":"https:\/\/lamaisonduleckerlis.fr\/de\/wp-json\/wp\/v2\/pages\/3228\/revisions\/3863"}],"wp:attachment":[{"href":"https:\/\/lamaisonduleckerlis.fr\/de\/wp-json\/wp\/v2\/media?parent=3228"}],"curies":[{"name":"wp","href":"https:\/\/api.w.org\/{rel}","templated":true}]}}