{"id":1595,"date":"2022-12-01T14:33:44","date_gmt":"2022-12-01T13:33:44","guid":{"rendered":"https:\/\/lamaisonduleckerlis.fr\/\/?post_type=product&#038;p=1595"},"modified":"2025-12-10T01:05:10","modified_gmt":"2025-12-10T00:05:10","slug":"pave-traditionnel","status":"publish","type":"product","link":"https:\/\/lamaisonduleckerlis.fr\/de\/produkt\/pave-traditionnel\/","title":{"rendered":"Traditionelles Lebkuchenbrot"},"content":{"rendered":"<p>Roggenmehl, Glukose-Fruktose-Sirup, Honig 15%, Perlzucker 8%, Zucker, Backtriebmittel (Natriumhydrogencarbonat, Dinatriumdiphosphat), Gew\u00fcrze, Aromen. Kann Spuren von Milch und N\u00fcssen enthalten. Durchschnittliche N\u00e4hrwerte pro 100 g: Energie 1392 Kj\/328 Kcal, Fett 0,9 g davon ges\u00e4ttigte Fetts\u00e4uren 0,1 g, Kohlenhydrate 75 g davon Zucker 45 g, Ballaststoffe 3,0 g, Eiwei\u00df 3,2 g, Salz 0,47 g.<\/p>","protected":false},"excerpt":{"rendered":"<p class=\" translation-block\">Entdecken Sie unser k\u00f6stliches traditionelles Lebkuchenbrot, ein wahres Juwel des Elsass, das die Essenz traditioneller Aromen verk\u00f6rpert. Jede dicke Scheibe entfaltet einen bezaubernden Duft sorgf\u00e4ltig ausgew\u00e4hlter Gew\u00fcrze wie Zimt, Ingwer und Muskat. Seine weiche Textur und sein reicher Geschmack machen es zu einer unwiderstehlichen Leckerei. Ob als Begleitung zu Ihrer Tasse hei\u00dfen Tees, f\u00fcr eine genussvolle Pause oder als Geschenk \u2013 dieses traditionelle Lebkuchenbrot ist eine wahre Feier der els\u00e4ssischen Traditionen. Lassen Sie sich von dieser zeitlosen S\u00fc\u00dfe verf\u00fchren und lassen Sie Ihren Gaumen in das Herz des Elsass reisen<\/p>","protected":false},"featured_media":2452,"comment_status":"open","ping_status":"closed","template":"","meta":{"site-sidebar-layout":"default","site-content-layout":"default","ast-site-content-layout":"default","site-content-style":"default","site-sidebar-style":"default","ast-global-header-display":"","ast-banner-title-visibility":"","ast-main-header-display":"","ast-hfb-above-header-display":"","ast-hfb-below-header-display":"","ast-hfb-mobile-header-display":"","site-post-title":"","ast-breadcrumbs-content":"","ast-featured-img":"","footer-sml-layout":"","ast-disable-related-posts":"","theme-transparent-header-meta":"default","adv-header-id-meta":"","stick-header-meta":"","header-above-stick-meta":"","header-main-stick-meta":"","header-below-stick-meta":"","astra-migrate-meta-layouts":"default","ast-page-background-enabled":"default","ast-page-background-meta":{"desktop":{"background-color":"var(--ast-global-color-4)","background-image":"","background-repeat":"repeat","background-position":"center center","background-size":"auto","background-attachment":"scroll","background-type":"","background-media":"","overlay-type":"","overlay-color":"","overlay-opacity":"","overlay-gradient":""},"tablet":{"background-color":"","background-image":"","background-repeat":"repeat","background-position":"center center","background-size":"auto","background-attachment":"scroll","background-type":"","background-media":"","overlay-type":"","overlay-color":"","overlay-opacity":"","overlay-gradient":""},"mobile":{"background-color":"","background-image":"","background-repeat":"repeat","background-position":"center center","background-size":"auto","background-attachment":"scroll","background-type":"","background-media":"","overlay-type":"","overlay-color":"","overlay-opacity":"","overlay-gradient":""}},"ast-content-background-meta":{"desktop":{"background-color":"var(--ast-global-color-5)","background-image":"","background-repeat":"repeat","background-position":"center center","background-size":"auto","background-attachment":"scroll","background-type":"","background-media":"","overlay-type":"","overlay-color":"","overlay-opacity":"","overlay-gradient":""},"tablet":{"background-color":"var(--ast-global-color-5)","background-image":"","background-repeat":"repeat","background-position":"center center","background-size":"auto","background-attachment":"scroll","background-type":"","background-media":"","overlay-type":"","overlay-color":"","overlay-opacity":"","overlay-gradient":""},"mobile":{"background-color":"var(--ast-global-color-5)","background-image":"","background-repeat":"repeat","background-position":"center center","background-size":"auto","background-attachment":"scroll","background-type":"","background-media":"","overlay-type":"","overlay-color":"","overlay-opacity":"","overlay-gradient":""}}},"product_brand":[],"product_cat":[22],"product_tag":[],"class_list":{"0":"post-1595","1":"product","2":"type-product","3":"status-publish","4":"has-post-thumbnail","6":"product_cat-pains-depices","7":"desktop-align-left","8":"tablet-align-left","9":"mobile-align-left","11":"first","12":"instock","13":"shipping-taxable","14":"purchasable","15":"product-type-simple"},"jetpack_sharing_enabled":true,"_links":{"self":[{"href":"https:\/\/lamaisonduleckerlis.fr\/de\/wp-json\/wp\/v2\/product\/1595","targetHints":{"allow":["GET"]}}],"collection":[{"href":"https:\/\/lamaisonduleckerlis.fr\/de\/wp-json\/wp\/v2\/product"}],"about":[{"href":"https:\/\/lamaisonduleckerlis.fr\/de\/wp-json\/wp\/v2\/types\/product"}],"replies":[{"embeddable":true,"href":"https:\/\/lamaisonduleckerlis.fr\/de\/wp-json\/wp\/v2\/comments?post=1595"}],"wp:featuredmedia":[{"embeddable":true,"href":"https:\/\/lamaisonduleckerlis.fr\/de\/wp-json\/wp\/v2\/media\/2452"}],"wp:attachment":[{"href":"https:\/\/lamaisonduleckerlis.fr\/de\/wp-json\/wp\/v2\/media?parent=1595"}],"wp:term":[{"taxonomy":"product_brand","embeddable":true,"href":"https:\/\/lamaisonduleckerlis.fr\/de\/wp-json\/wp\/v2\/product_brand?post=1595"},{"taxonomy":"product_cat","embeddable":true,"href":"https:\/\/lamaisonduleckerlis.fr\/de\/wp-json\/wp\/v2\/product_cat?post=1595"},{"taxonomy":"product_tag","embeddable":true,"href":"https:\/\/lamaisonduleckerlis.fr\/de\/wp-json\/wp\/v2\/product_tag?post=1595"}],"curies":[{"name":"wp","href":"https:\/\/api.w.org\/{rel}","templated":true}]}}