{"id":1602,"date":"2022-12-01T14:40:54","date_gmt":"2022-12-01T13:40:54","guid":{"rendered":"https:\/\/lamaisonduleckerlis.fr\/\/?post_type=product&#038;p=1602"},"modified":"2025-12-04T21:37:57","modified_gmt":"2025-12-04T20:37:57","slug":"pave-figue","status":"publish","type":"product","link":"https:\/\/lamaisonduleckerlis.fr\/de\/produkt\/pave-figue\/","title":{"rendered":"Lebkuchenbrot mit Feigen"},"content":{"rendered":"<p>Glukose-Fruktose-Sirup, Roggenmehl, getrocknete Feigen 12% (Feigen, Reismehl), Backtriebmittel (Natriumbicarbonat, Dinatriumdiphosphat), Aromen. Kann Spuren von Milch und N\u00fcssen enthalten. Durchschnittliche N\u00e4hrwerte pro 100 g: Energie 1374KJ\/324Kcal, Fett 1,2 g davon ges\u00e4ttigte Fetts\u00e4uren 0,2 g, Kohlenhydrate 74 g davon Zucker 41 g, Ballaststoffe 3,5 g, Eiwei\u00df 3,1 g, Salz 0,43 g.<\/p>","protected":false},"excerpt":{"rendered":"<p class=\" translation-block\">Entdecken Sie unseren k\u00f6stlichen Els\u00e4sser Lebkuchenblock mit Feigen, eine perfekte Fusion von exquisiten Aromen. Dieses handwerkliche Meisterwerk verbindet die Reichhaltigkeit des Els\u00e4sser Lebkuchens mit der S\u00fc\u00dfe und dem subtilen Aroma von saftigen Feigen. Jeder Bissen entf\u00fchrt Sie auf eine Geschmacksreise, bei der die W\u00e4rme der Gew\u00fcrze auf die fruchtige S\u00fc\u00dfe der Feigen trifft und eine perfekte Harmonie im Mund entsteht. Dieser Els\u00e4sser Lebkuchenblock mit Feigen eignet sich ideal als Begleitung zu einer Tasse Tee oder Kaffee oder einfach zum Genie\u00dfen einer raffinierten Leckerei zu jeder Tageszeit. Lassen Sie sich von dieser k\u00f6stlichen Kreation verzaubern, ein Synonym f\u00fcr Eleganz und gustatorisches Vergn\u00fcgen.<\/p>","protected":false},"featured_media":3778,"comment_status":"open","ping_status":"closed","template":"","meta":{"site-sidebar-layout":"default","site-content-layout":"default","ast-site-content-layout":"default","site-content-style":"default","site-sidebar-style":"default","ast-global-header-display":"","ast-banner-title-visibility":"","ast-main-header-display":"","ast-hfb-above-header-display":"","ast-hfb-below-header-display":"","ast-hfb-mobile-header-display":"","site-post-title":"","ast-breadcrumbs-content":"","ast-featured-img":"","footer-sml-layout":"","ast-disable-related-posts":"","theme-transparent-header-meta":"default","adv-header-id-meta":"","stick-header-meta":"","header-above-stick-meta":"","header-main-stick-meta":"","header-below-stick-meta":"","astra-migrate-meta-layouts":"set","ast-page-background-enabled":"default","ast-page-background-meta":{"desktop":{"background-color":"var(--ast-global-color-4)","background-image":"","background-repeat":"repeat","background-position":"center center","background-size":"auto","background-attachment":"scroll","background-type":"","background-media":"","overlay-type":"","overlay-color":"","overlay-opacity":"","overlay-gradient":""},"tablet":{"background-color":"","background-image":"","background-repeat":"repeat","background-position":"center center","background-size":"auto","background-attachment":"scroll","background-type":"","background-media":"","overlay-type":"","overlay-color":"","overlay-opacity":"","overlay-gradient":""},"mobile":{"background-color":"","background-image":"","background-repeat":"repeat","background-position":"center center","background-size":"auto","background-attachment":"scroll","background-type":"","background-media":"","overlay-type":"","overlay-color":"","overlay-opacity":"","overlay-gradient":""}},"ast-content-background-meta":{"desktop":{"background-color":"var(--ast-global-color-5)","background-image":"","background-repeat":"repeat","background-position":"center center","background-size":"auto","background-attachment":"scroll","background-type":"","background-media":"","overlay-type":"","overlay-color":"","overlay-opacity":"","overlay-gradient":""},"tablet":{"background-color":"var(--ast-global-color-5)","background-image":"","background-repeat":"repeat","background-position":"center center","background-size":"auto","background-attachment":"scroll","background-type":"","background-media":"","overlay-type":"","overlay-color":"","overlay-opacity":"","overlay-gradient":""},"mobile":{"background-color":"var(--ast-global-color-5)","background-image":"","background-repeat":"repeat","background-position":"center center","background-size":"auto","background-attachment":"scroll","background-type":"","background-media":"","overlay-type":"","overlay-color":"","overlay-opacity":"","overlay-gradient":""}}},"product_brand":[],"product_cat":[22],"product_tag":[],"class_list":{"0":"post-1602","1":"product","2":"type-product","3":"status-publish","4":"has-post-thumbnail","6":"product_cat-pains-depices","7":"desktop-align-left","8":"tablet-align-left","9":"mobile-align-left","11":"first","12":"instock","13":"shipping-taxable","14":"purchasable","15":"product-type-simple"},"jetpack_sharing_enabled":true,"_links":{"self":[{"href":"https:\/\/lamaisonduleckerlis.fr\/de\/wp-json\/wp\/v2\/product\/1602","targetHints":{"allow":["GET"]}}],"collection":[{"href":"https:\/\/lamaisonduleckerlis.fr\/de\/wp-json\/wp\/v2\/product"}],"about":[{"href":"https:\/\/lamaisonduleckerlis.fr\/de\/wp-json\/wp\/v2\/types\/product"}],"replies":[{"embeddable":true,"href":"https:\/\/lamaisonduleckerlis.fr\/de\/wp-json\/wp\/v2\/comments?post=1602"}],"wp:featuredmedia":[{"embeddable":true,"href":"https:\/\/lamaisonduleckerlis.fr\/de\/wp-json\/wp\/v2\/media\/3778"}],"wp:attachment":[{"href":"https:\/\/lamaisonduleckerlis.fr\/de\/wp-json\/wp\/v2\/media?parent=1602"}],"wp:term":[{"taxonomy":"product_brand","embeddable":true,"href":"https:\/\/lamaisonduleckerlis.fr\/de\/wp-json\/wp\/v2\/product_brand?post=1602"},{"taxonomy":"product_cat","embeddable":true,"href":"https:\/\/lamaisonduleckerlis.fr\/de\/wp-json\/wp\/v2\/product_cat?post=1602"},{"taxonomy":"product_tag","embeddable":true,"href":"https:\/\/lamaisonduleckerlis.fr\/de\/wp-json\/wp\/v2\/product_tag?post=1602"}],"curies":[{"name":"wp","href":"https:\/\/api.w.org\/{rel}","templated":true}]}}