{"id":3927,"date":"2025-06-04T10:01:03","date_gmt":"2025-06-04T08:01:03","guid":{"rendered":"https:\/\/lamaisonduleckerlis.fr\/?post_type=product&#038;p=3927"},"modified":"2025-06-04T16:06:00","modified_gmt":"2025-06-04T14:06:00","slug":"hopla-sangria","status":"publish","type":"product","link":"https:\/\/lamaisonduleckerlis.fr\/de\/produkt\/hopla-sangria\/","title":{"rendered":"Hopla Sangria"},"content":{"rendered":"<p><strong data-start=\"85\" data-end=\"140\">Hopla Sangria \u2013 l\u2019ap\u00e9ro fruit\u00e9 qui sent bon l\u2019\u00e9t\u00e9 !<\/strong><br data-start=\"140\" data-end=\"143\" \/>Un savoureux m\u00e9lange de vin rouge, d\u2019agrumes frais et d\u2019\u00e9pices douces, pr\u00e9par\u00e9 artisanalement pour des moments 100 % plaisir. \u00c0 servir bien fra\u00eeche\u2026 et \u00e0 partager sans mod\u00e9ration (ou presque) !<\/p>\n<p>&nbsp;<\/p>\n<p>9% vol d&#8217;alcool<\/p>\n<p>&nbsp;<\/p>\n<p><strong> Der \u00fcberm\u00e4\u00dfige Alkoholkonsum ist gesundheitssch\u00e4dlich und sollte in Ma\u00dfen genossen werden.<\/strong><\/p>","protected":false},"excerpt":{"rendered":"<p data-start=\"120\" data-end=\"259\"><strong data-start=\"120\" data-end=\"160\">D\u00e9couvrez ma savoureuse Hopla Sangria<\/strong>* aux fruits et aux \u00e9pices, inspir\u00e9e des recettes traditionnelles du Sud, twist\u00e9e \u00e0 l\u2019alsacienne.<\/p>\n<p data-start=\"263\" data-end=\"507\">Un vin rouge fruit\u00e9 soigneusement s\u00e9lectionn\u00e9, des agrumes non trait\u00e9s, des \u00e9pices douces et une touche artisanale pour une sangria gourmande, fra\u00eeche et g\u00e9n\u00e9reuse. Parfaite pour vos ap\u00e9ros d\u2019\u00e9t\u00e9, vos pique-niques ou vos soir\u00e9es improvis\u00e9es !<\/p>\n<p data-start=\"509\" data-end=\"661\"><strong data-start=\"509\" data-end=\"528\">100 % naturelle<\/strong> : vin rouge 12,5%Vol, pur jus d&#8217;oranges, eau, sucre, jus de citron, concentr\u00e9 de cannelle, extrait naturel. contient des <strong>sulfites<\/strong><\/p>\n<p data-start=\"509\" data-end=\"661\"><br data-start=\"624\" data-end=\"627\" \/><strong data-start=\"627\" data-end=\"658\">Pr\u00eate \u00e0 servir bien fra\u00eeche<\/strong>.<\/p>\n<p data-start=\"663\" data-end=\"703\"><em data-start=\"663\" data-end=\"703\">boisson vin\u00e9e aromatis\u00e9e \u00e0 base de vin<\/em><\/p>","protected":false},"featured_media":3932,"comment_status":"open","ping_status":"closed","template":"","meta":{"site-sidebar-layout":"default","site-content-layout":"default","ast-site-content-layout":"default","site-content-style":"default","site-sidebar-style":"default","ast-global-header-display":"","ast-banner-title-visibility":"","ast-main-header-display":"","ast-hfb-above-header-display":"","ast-hfb-below-header-display":"","ast-hfb-mobile-header-display":"","site-post-title":"","ast-breadcrumbs-content":"","ast-featured-img":"","footer-sml-layout":"","ast-disable-related-posts":"","theme-transparent-header-meta":"default","adv-header-id-meta":"","stick-header-meta":"","header-above-stick-meta":"","header-main-stick-meta":"","header-below-stick-meta":"","astra-migrate-meta-layouts":"set","ast-page-background-enabled":"default","ast-page-background-meta":{"desktop":{"background-color":"var(--ast-global-color-4)","background-image":"","background-repeat":"repeat","background-position":"center center","background-size":"auto","background-attachment":"scroll","background-type":"","background-media":"","overlay-type":"","overlay-color":"","overlay-opacity":"","overlay-gradient":""},"tablet":{"background-color":"","background-image":"","background-repeat":"repeat","background-position":"center center","background-size":"auto","background-attachment":"scroll","background-type":"","background-media":"","overlay-type":"","overlay-color":"","overlay-opacity":"","overlay-gradient":""},"mobile":{"background-color":"","background-image":"","background-repeat":"repeat","background-position":"center center","background-size":"auto","background-attachment":"scroll","background-type":"","background-media":"","overlay-type":"","overlay-color":"","overlay-opacity":"","overlay-gradient":""}},"ast-content-background-meta":{"desktop":{"background-color":"var(--ast-global-color-5)","background-image":"","background-repeat":"repeat","background-position":"center center","background-size":"auto","background-attachment":"scroll","background-type":"","background-media":"","overlay-type":"","overlay-color":"","overlay-opacity":"","overlay-gradient":""},"tablet":{"background-color":"var(--ast-global-color-5)","background-image":"","background-repeat":"repeat","background-position":"center center","background-size":"auto","background-attachment":"scroll","background-type":"","background-media":"","overlay-type":"","overlay-color":"","overlay-opacity":"","overlay-gradient":""},"mobile":{"background-color":"var(--ast-global-color-5)","background-image":"","background-repeat":"repeat","background-position":"center center","background-size":"auto","background-attachment":"scroll","background-type":"","background-media":"","overlay-type":"","overlay-color":"","overlay-opacity":"","overlay-gradient":""}}},"product_brand":[],"product_cat":[122,121,72],"product_tag":[],"class_list":{"0":"post-3927","1":"product","2":"type-product","3":"status-publish","4":"has-post-thumbnail","6":"product_cat-aperitifs-alsacien","7":"product_cat-vins-aperitifs","8":"product_cat-vin","9":"product_shipping_class-vin","10":"desktop-align-left","11":"tablet-align-left","12":"mobile-align-left","14":"first","15":"instock","16":"shipping-taxable","17":"purchasable","18":"product-type-simple"},"jetpack_sharing_enabled":true,"_links":{"self":[{"href":"https:\/\/lamaisonduleckerlis.fr\/de\/wp-json\/wp\/v2\/product\/3927","targetHints":{"allow":["GET"]}}],"collection":[{"href":"https:\/\/lamaisonduleckerlis.fr\/de\/wp-json\/wp\/v2\/product"}],"about":[{"href":"https:\/\/lamaisonduleckerlis.fr\/de\/wp-json\/wp\/v2\/types\/product"}],"replies":[{"embeddable":true,"href":"https:\/\/lamaisonduleckerlis.fr\/de\/wp-json\/wp\/v2\/comments?post=3927"}],"wp:featuredmedia":[{"embeddable":true,"href":"https:\/\/lamaisonduleckerlis.fr\/de\/wp-json\/wp\/v2\/media\/3932"}],"wp:attachment":[{"href":"https:\/\/lamaisonduleckerlis.fr\/de\/wp-json\/wp\/v2\/media?parent=3927"}],"wp:term":[{"taxonomy":"product_brand","embeddable":true,"href":"https:\/\/lamaisonduleckerlis.fr\/de\/wp-json\/wp\/v2\/product_brand?post=3927"},{"taxonomy":"product_cat","embeddable":true,"href":"https:\/\/lamaisonduleckerlis.fr\/de\/wp-json\/wp\/v2\/product_cat?post=3927"},{"taxonomy":"product_tag","embeddable":true,"href":"https:\/\/lamaisonduleckerlis.fr\/de\/wp-json\/wp\/v2\/product_tag?post=3927"}],"curies":[{"name":"wp","href":"https:\/\/api.w.org\/{rel}","templated":true}]}}