{"id":3933,"date":"2025-06-04T16:27:15","date_gmt":"2025-06-04T14:27:15","guid":{"rendered":"https:\/\/lamaisonduleckerlis.fr\/?post_type=product&#038;p=3933"},"modified":"2025-06-05T13:38:59","modified_gmt":"2025-06-05T11:38:59","slug":"baba-au-rhum-arrange-ananas","status":"publish","type":"product","link":"https:\/\/lamaisonduleckerlis.fr\/de\/produkt\/baba-au-rhum-arrange-ananas\/","title":{"rendered":"Baba au rhum arrang\u00e9 Ananas"},"content":{"rendered":"<p>Baba (OEUFS, Farine de BLE, Sucre, Levain, Sel), sirop \u00e0 l&#8217;arrang\u00e9 de rhum \u00e0 l&#8217;ananas \u00e0 12% volume (Sirop de sucre de canne, Arrang\u00e9 de rhum \u00e0 l&#8217;ananas, acide citrique)<\/p>","protected":false},"excerpt":{"rendered":"<h3 data-start=\"134\" data-end=\"193\">\ud83c\udf1e <strong data-start=\"141\" data-end=\"190\">\u00c9dition Limit\u00e9e \u2013 Baba au Rhum Arrang\u00e9 Ananas<\/strong> \ud83c\udf4d<\/h3>\n<p data-start=\"195\" data-end=\"233\"><strong data-start=\"195\" data-end=\"233\">Un rayon de soleil dans un bocal !<\/strong><\/p>\n<p data-start=\"235\" data-end=\"525\">Cet \u00e9t\u00e9, laissez-vous tenter par notre toute nouvelle cr\u00e9ation : un <strong data-start=\"303\" data-end=\"354\">baba g\u00e9n\u00e9reux imbib\u00e9 de rhum arrang\u00e9 \u00e0 l\u2019ananas<\/strong>, pr\u00e9par\u00e9 avec amour en Alsace. Moelleux, fruit\u00e9, d\u00e9licatement enivrant\u2026 Ce dessert est une v\u00e9ritable invitation au voyage, entre douceur des \u00eeles et tradition artisanale.<\/p>\n<p data-start=\"527\" data-end=\"715\">\ud83d\udc49 Fabriqu\u00e9 en \u00e9dition <strong data-start=\"550\" data-end=\"567\">ultra limit\u00e9e<\/strong> pour la saison estivale<br data-start=\"640\" data-end=\"643\" \/>\ud83d\udc49 Parfait en dessert, \u00e0 l\u2019ap\u00e9ro ou pour offrir un go\u00fbt d\u2019\u00e9t\u00e9 en bocal !<\/p>\n<p data-start=\"717\" data-end=\"836\">\ud83d\uded1 Attention : ce baba <strong data-start=\"740\" data-end=\"768\">ne restera pas longtemps<\/strong> sur nos \u00e9tag\u00e8res\u2026 Les premiers arriv\u00e9s seront les premiers servis !<\/p>\n<p>&#8211;<\/p>\n<p><em>L\u2019abus d\u2019alcool est dangereux pour la sant\u00e9. \u00c0 consommer avec mod\u00e9ration.<\/em><\/p>","protected":false},"featured_media":3943,"comment_status":"closed","ping_status":"closed","template":"","meta":{"site-sidebar-layout":"default","site-content-layout":"","ast-site-content-layout":"default","site-content-style":"default","site-sidebar-style":"default","ast-global-header-display":"","ast-banner-title-visibility":"","ast-main-header-display":"","ast-hfb-above-header-display":"","ast-hfb-below-header-display":"","ast-hfb-mobile-header-display":"","site-post-title":"","ast-breadcrumbs-content":"","ast-featured-img":"","footer-sml-layout":"","ast-disable-related-posts":"","theme-transparent-header-meta":"default","adv-header-id-meta":"","stick-header-meta":"","header-above-stick-meta":"","header-main-stick-meta":"","header-below-stick-meta":"","astra-migrate-meta-layouts":"set","ast-page-background-enabled":"default","ast-page-background-meta":{"desktop":{"background-color":"var(--ast-global-color-4)","background-image":"","background-repeat":"repeat","background-position":"center center","background-size":"auto","background-attachment":"scroll","background-type":"","background-media":"","overlay-type":"","overlay-color":"","overlay-opacity":"","overlay-gradient":""},"tablet":{"background-color":"","background-image":"","background-repeat":"repeat","background-position":"center center","background-size":"auto","background-attachment":"scroll","background-type":"","background-media":"","overlay-type":"","overlay-color":"","overlay-opacity":"","overlay-gradient":""},"mobile":{"background-color":"","background-image":"","background-repeat":"repeat","background-position":"center center","background-size":"auto","background-attachment":"scroll","background-type":"","background-media":"","overlay-type":"","overlay-color":"","overlay-opacity":"","overlay-gradient":""}},"ast-content-background-meta":{"desktop":{"background-color":"var(--ast-global-color-5)","background-image":"","background-repeat":"repeat","background-position":"center center","background-size":"auto","background-attachment":"scroll","background-type":"","background-media":"","overlay-type":"","overlay-color":"","overlay-opacity":"","overlay-gradient":""},"tablet":{"background-color":"var(--ast-global-color-5)","background-image":"","background-repeat":"repeat","background-position":"center center","background-size":"auto","background-attachment":"scroll","background-type":"","background-media":"","overlay-type":"","overlay-color":"","overlay-opacity":"","overlay-gradient":""},"mobile":{"background-color":"var(--ast-global-color-5)","background-image":"","background-repeat":"repeat","background-position":"center center","background-size":"auto","background-attachment":"scroll","background-type":"","background-media":"","overlay-type":"","overlay-color":"","overlay-opacity":"","overlay-gradient":""}}},"product_brand":[],"product_cat":[120,73],"product_tag":[],"class_list":{"0":"post-3933","1":"product","2":"type-product","3":"status-publish","4":"has-post-thumbnail","6":"product_cat-elsass-baba-les-babas-d-alsace","7":"product_cat-epicerie-sucree","8":"product_shipping_class-pas-vin","9":"desktop-align-left","10":"tablet-align-left","11":"mobile-align-left","13":"first","14":"instock","15":"shipping-taxable","16":"purchasable","17":"product-type-simple"},"jetpack_sharing_enabled":true,"_links":{"self":[{"href":"https:\/\/lamaisonduleckerlis.fr\/de\/wp-json\/wp\/v2\/product\/3933","targetHints":{"allow":["GET"]}}],"collection":[{"href":"https:\/\/lamaisonduleckerlis.fr\/de\/wp-json\/wp\/v2\/product"}],"about":[{"href":"https:\/\/lamaisonduleckerlis.fr\/de\/wp-json\/wp\/v2\/types\/product"}],"replies":[{"embeddable":true,"href":"https:\/\/lamaisonduleckerlis.fr\/de\/wp-json\/wp\/v2\/comments?post=3933"}],"wp:featuredmedia":[{"embeddable":true,"href":"https:\/\/lamaisonduleckerlis.fr\/de\/wp-json\/wp\/v2\/media\/3943"}],"wp:attachment":[{"href":"https:\/\/lamaisonduleckerlis.fr\/de\/wp-json\/wp\/v2\/media?parent=3933"}],"wp:term":[{"taxonomy":"product_brand","embeddable":true,"href":"https:\/\/lamaisonduleckerlis.fr\/de\/wp-json\/wp\/v2\/product_brand?post=3933"},{"taxonomy":"product_cat","embeddable":true,"href":"https:\/\/lamaisonduleckerlis.fr\/de\/wp-json\/wp\/v2\/product_cat?post=3933"},{"taxonomy":"product_tag","embeddable":true,"href":"https:\/\/lamaisonduleckerlis.fr\/de\/wp-json\/wp\/v2\/product_tag?post=3933"}],"curies":[{"name":"wp","href":"https:\/\/api.w.org\/{rel}","templated":true}]}}