{"id":814,"date":"2022-05-18T14:09:09","date_gmt":"2022-05-18T12:09:09","guid":{"rendered":"https:\/\/maison-du-leckerlis.cleanfap.com\/?post_type=product&#038;p=814"},"modified":"2025-10-05T12:45:45","modified_gmt":"2025-10-05T10:45:45","slug":"etoiles-cannelles-200gr","status":"publish","type":"product","link":"https:\/\/lamaisonduleckerlis.fr\/de\/produkt\/etoiles-cannelles-200gr\/","title":{"rendered":"Zimtsterne"},"content":{"rendered":"<p class=\" translation-block\">100% nat\u00fcrlich: Zucker, 18% Mandeln, 16% Haseln\u00fcsse, Eiwei\u00df, Feuchthaltemittel: Sorbitole; Invertzuckersirup, Weizenmehl, Fruktose, Orangenschale, 1,5% Zimt, Glukose-Fruktose-Sirup, Pflanzen\u00f6le (Palm, Soja, Raps), Weizenst\u00e4rke, Magermilchpulver, Reismehl, Salz, Emulgator: Sojalecithin<\/p>\n<p class=\" translation-block\">Allergene: <strong>Gluten<\/strong>, <strong>Mandeln<\/strong>, <strong>Haseln\u00fcsse<\/strong>, <strong>Eier<\/strong>, <strong>Milch<\/strong>, <strong>Soja<\/strong>. Kann Spuren von anderen <strong>Schalenfr\u00fcchten<\/strong>, <strong>Erdn\u00fcssen<\/strong>, <strong>Lupinen<\/strong> und <strong>Sesamsamen<\/strong> enthalten.<\/p>","protected":false},"excerpt":{"rendered":"<p>Entdecken Sie unsere k\u00f6stlichen Beutel mit Zimtsternen, kleine els\u00e4ssische Leckereien, die Ihre Geschmacksknospen verzaubern werden. Diese sternf\u00f6rmigen Kekse, mit Liebe zubereitet, sind von dem bezaubernden Aroma von Zimt durchdrungen. Ihre knusprige Textur und ihr exquisiter Geschmack machen sie zu einer unwiderstehlichen Leckerei.<\/p>\n<p class=\" translation-block\">Jede T\u00fcte enth\u00e4lt eine Vielzahl von goldenen Sternen, bereit zum Genie\u00dfen. Perfekt zum Verschenken oder zum Verw\u00f6hnen, verleihen unsere T\u00fcten und <strong><a href=\"https:\/\/lamaisonduleckerlis.fr\/\/produit\/etoiles-cannelle-boite\/\" target=\"_self\">Schachteln mit Zimtsternen<\/a><\/strong> Ihren genussvollen Momenten eine magische Note.<\/p>\n<p>Lassen Sie sich von diesen els\u00e4ssischen K\u00f6stlichkeiten verzaubern und genie\u00dfen Sie die Weihnachtsfreude in jeder Bissen.<\/p>\n<p>Nettogewicht: 200 g<\/p>","protected":false},"featured_media":2447,"comment_status":"open","ping_status":"closed","template":"","meta":{"site-sidebar-layout":"default","site-content-layout":"default","ast-site-content-layout":"default","site-content-style":"default","site-sidebar-style":"default","ast-global-header-display":"","ast-banner-title-visibility":"","ast-main-header-display":"","ast-hfb-above-header-display":"","ast-hfb-below-header-display":"","ast-hfb-mobile-header-display":"","site-post-title":"","ast-breadcrumbs-content":"","ast-featured-img":"","footer-sml-layout":"","ast-disable-related-posts":"","theme-transparent-header-meta":"default","adv-header-id-meta":"","stick-header-meta":"","header-above-stick-meta":"","header-main-stick-meta":"","header-below-stick-meta":"","astra-migrate-meta-layouts":"set","ast-page-background-enabled":"default","ast-page-background-meta":{"desktop":{"background-color":"var(--ast-global-color-4)","background-image":"","background-repeat":"repeat","background-position":"center center","background-size":"auto","background-attachment":"scroll","background-type":"","background-media":"","overlay-type":"","overlay-color":"","overlay-opacity":"","overlay-gradient":""},"tablet":{"background-color":"","background-image":"","background-repeat":"repeat","background-position":"center center","background-size":"auto","background-attachment":"scroll","background-type":"","background-media":"","overlay-type":"","overlay-color":"","overlay-opacity":"","overlay-gradient":""},"mobile":{"background-color":"","background-image":"","background-repeat":"repeat","background-position":"center center","background-size":"auto","background-attachment":"scroll","background-type":"","background-media":"","overlay-type":"","overlay-color":"","overlay-opacity":"","overlay-gradient":""}},"ast-content-background-meta":{"desktop":{"background-color":"var(--ast-global-color-5)","background-image":"","background-repeat":"repeat","background-position":"center center","background-size":"auto","background-attachment":"scroll","background-type":"","background-media":"","overlay-type":"","overlay-color":"","overlay-opacity":"","overlay-gradient":""},"tablet":{"background-color":"var(--ast-global-color-5)","background-image":"","background-repeat":"repeat","background-position":"center center","background-size":"auto","background-attachment":"scroll","background-type":"","background-media":"","overlay-type":"","overlay-color":"","overlay-opacity":"","overlay-gradient":""},"mobile":{"background-color":"var(--ast-global-color-5)","background-image":"","background-repeat":"repeat","background-position":"center center","background-size":"auto","background-attachment":"scroll","background-type":"","background-media":"","overlay-type":"","overlay-color":"","overlay-opacity":"","overlay-gradient":""}}},"product_brand":[],"product_cat":[21,61],"product_tag":[],"class_list":{"0":"post-814","1":"product","2":"type-product","3":"status-publish","4":"has-post-thumbnail","6":"product_cat-bredele","7":"product_cat-sachet","8":"desktop-align-left","9":"tablet-align-left","10":"mobile-align-left","12":"first","13":"instock","14":"shipping-taxable","15":"purchasable","16":"product-type-simple"},"jetpack_sharing_enabled":true,"_links":{"self":[{"href":"https:\/\/lamaisonduleckerlis.fr\/de\/wp-json\/wp\/v2\/product\/814","targetHints":{"allow":["GET"]}}],"collection":[{"href":"https:\/\/lamaisonduleckerlis.fr\/de\/wp-json\/wp\/v2\/product"}],"about":[{"href":"https:\/\/lamaisonduleckerlis.fr\/de\/wp-json\/wp\/v2\/types\/product"}],"replies":[{"embeddable":true,"href":"https:\/\/lamaisonduleckerlis.fr\/de\/wp-json\/wp\/v2\/comments?post=814"}],"wp:featuredmedia":[{"embeddable":true,"href":"https:\/\/lamaisonduleckerlis.fr\/de\/wp-json\/wp\/v2\/media\/2447"}],"wp:attachment":[{"href":"https:\/\/lamaisonduleckerlis.fr\/de\/wp-json\/wp\/v2\/media?parent=814"}],"wp:term":[{"taxonomy":"product_brand","embeddable":true,"href":"https:\/\/lamaisonduleckerlis.fr\/de\/wp-json\/wp\/v2\/product_brand?post=814"},{"taxonomy":"product_cat","embeddable":true,"href":"https:\/\/lamaisonduleckerlis.fr\/de\/wp-json\/wp\/v2\/product_cat?post=814"},{"taxonomy":"product_tag","embeddable":true,"href":"https:\/\/lamaisonduleckerlis.fr\/de\/wp-json\/wp\/v2\/product_tag?post=814"}],"curies":[{"name":"wp","href":"https:\/\/api.w.org\/{rel}","templated":true}]}}