{"id":823,"date":"2022-05-18T14:15:06","date_gmt":"2022-05-18T12:15:06","guid":{"rendered":"https:\/\/maison-du-leckerlis.cleanfap.com\/?post_type=product&#038;p=823"},"modified":"2025-10-05T12:45:45","modified_gmt":"2025-10-05T10:45:45","slug":"leckerlis-200gr","status":"publish","type":"product","link":"https:\/\/lamaisonduleckerlis.fr\/de\/produkt\/leckerlis-200gr\/","title":{"rendered":"Leckerlis mit Fr\u00fcchten"},"content":{"rendered":"","protected":false},"excerpt":{"rendered":"<table width=\"489\">\n<tbody>\n<tr>\n<td colspan=\"5\" width=\"489\">Entdecken Sie das Lieblingsgeb\u00e4ck unseres Hauses, die Leckerlis mit Fr\u00fcchten. Traditionelles Els\u00e4sser Geb\u00e4ck mit einem Hauch von Orange und Marzipan, perfekt f\u00fcr Ihren Tee oder Kaffee.<\/p>\n<p class=\" translation-block\">Unsere Beutel und <strong><a href=\"https:\/\/lamaisonduleckerlis.fr\/\/produit\/leckerlis-boite\/\" target=\"_self\">Leckerlis-Schachteln<\/a><\/strong> sind eine hervorragende Geschenkidee, um Ihren Lieben die els\u00e4ssische Tradition n\u00e4herzubringen oder sich selbst zu beschenken, besonders zu besonderen Anl\u00e4ssen. Diese k\u00f6stlichen Leckereien, nach einem alten Rezept hergestellt, werden das ganze Jahr \u00fcber genossen.<\/p>\n<p>Z\u00f6gern Sie nicht l\u00e4nger und lassen Sie sich von den Leckerlis mit Fr\u00fcchten verf\u00fchren, einem einzigartigen und authentischen Geschmackserlebnis<\/td>\n<\/tr>\n<\/tbody>\n<\/table>\n<p>Nettogewicht: 200 g<\/p>","protected":false},"featured_media":2435,"comment_status":"open","ping_status":"closed","template":"","meta":{"site-sidebar-layout":"default","site-content-layout":"default","ast-site-content-layout":"default","site-content-style":"default","site-sidebar-style":"default","ast-global-header-display":"","ast-banner-title-visibility":"","ast-main-header-display":"","ast-hfb-above-header-display":"","ast-hfb-below-header-display":"","ast-hfb-mobile-header-display":"","site-post-title":"","ast-breadcrumbs-content":"","ast-featured-img":"","footer-sml-layout":"","ast-disable-related-posts":"","theme-transparent-header-meta":"default","adv-header-id-meta":"","stick-header-meta":"","header-above-stick-meta":"","header-main-stick-meta":"","header-below-stick-meta":"","astra-migrate-meta-layouts":"default","ast-page-background-enabled":"default","ast-page-background-meta":{"desktop":{"background-color":"var(--ast-global-color-4)","background-image":"","background-repeat":"repeat","background-position":"center center","background-size":"auto","background-attachment":"scroll","background-type":"","background-media":"","overlay-type":"","overlay-color":"","overlay-opacity":"","overlay-gradient":""},"tablet":{"background-color":"","background-image":"","background-repeat":"repeat","background-position":"center center","background-size":"auto","background-attachment":"scroll","background-type":"","background-media":"","overlay-type":"","overlay-color":"","overlay-opacity":"","overlay-gradient":""},"mobile":{"background-color":"","background-image":"","background-repeat":"repeat","background-position":"center center","background-size":"auto","background-attachment":"scroll","background-type":"","background-media":"","overlay-type":"","overlay-color":"","overlay-opacity":"","overlay-gradient":""}},"ast-content-background-meta":{"desktop":{"background-color":"var(--ast-global-color-5)","background-image":"","background-repeat":"repeat","background-position":"center center","background-size":"auto","background-attachment":"scroll","background-type":"","background-media":"","overlay-type":"","overlay-color":"","overlay-opacity":"","overlay-gradient":""},"tablet":{"background-color":"var(--ast-global-color-5)","background-image":"","background-repeat":"repeat","background-position":"center center","background-size":"auto","background-attachment":"scroll","background-type":"","background-media":"","overlay-type":"","overlay-color":"","overlay-opacity":"","overlay-gradient":""},"mobile":{"background-color":"var(--ast-global-color-5)","background-image":"","background-repeat":"repeat","background-position":"center center","background-size":"auto","background-attachment":"scroll","background-type":"","background-media":"","overlay-type":"","overlay-color":"","overlay-opacity":"","overlay-gradient":""}}},"product_brand":[],"product_cat":[21,61],"product_tag":[],"class_list":{"0":"post-823","1":"product","2":"type-product","3":"status-publish","4":"has-post-thumbnail","6":"product_cat-bredele","7":"product_cat-sachet","8":"desktop-align-left","9":"tablet-align-left","10":"mobile-align-left","12":"first","13":"instock","14":"shipping-taxable","15":"purchasable","16":"product-type-simple"},"jetpack_sharing_enabled":true,"_links":{"self":[{"href":"https:\/\/lamaisonduleckerlis.fr\/de\/wp-json\/wp\/v2\/product\/823","targetHints":{"allow":["GET"]}}],"collection":[{"href":"https:\/\/lamaisonduleckerlis.fr\/de\/wp-json\/wp\/v2\/product"}],"about":[{"href":"https:\/\/lamaisonduleckerlis.fr\/de\/wp-json\/wp\/v2\/types\/product"}],"replies":[{"embeddable":true,"href":"https:\/\/lamaisonduleckerlis.fr\/de\/wp-json\/wp\/v2\/comments?post=823"}],"wp:featuredmedia":[{"embeddable":true,"href":"https:\/\/lamaisonduleckerlis.fr\/de\/wp-json\/wp\/v2\/media\/2435"}],"wp:attachment":[{"href":"https:\/\/lamaisonduleckerlis.fr\/de\/wp-json\/wp\/v2\/media?parent=823"}],"wp:term":[{"taxonomy":"product_brand","embeddable":true,"href":"https:\/\/lamaisonduleckerlis.fr\/de\/wp-json\/wp\/v2\/product_brand?post=823"},{"taxonomy":"product_cat","embeddable":true,"href":"https:\/\/lamaisonduleckerlis.fr\/de\/wp-json\/wp\/v2\/product_cat?post=823"},{"taxonomy":"product_tag","embeddable":true,"href":"https:\/\/lamaisonduleckerlis.fr\/de\/wp-json\/wp\/v2\/product_tag?post=823"}],"curies":[{"name":"wp","href":"https:\/\/api.w.org\/{rel}","templated":true}]}}