{"id":826,"date":"2022-05-18T14:17:17","date_gmt":"2022-05-18T12:17:17","guid":{"rendered":"https:\/\/maison-du-leckerlis.cleanfap.com\/?post_type=product&#038;p=826"},"modified":"2025-07-07T12:38:29","modified_gmt":"2025-07-07T10:38:29","slug":"assortiments-de-pains-depices-200gr","status":"publish","type":"product","link":"https:\/\/lamaisonduleckerlis.fr\/de\/produkt\/assortiments-de-pains-depices-200gr\/","title":{"rendered":"Sortiment von Schokoladen \u00fcberzogenen Lebkuchensorten"},"content":{"rendered":"<p>&nbsp;<\/p>\n<table width=\"255\">\n<tbody>\n<tr>\n<td width=\"255\">Das sind die Zutatenliste f\u00fcr das Produkt:\n\nWeizenmehl, Zucker, Glukose-Fruktose-Sirup, Kakaomasse, Zuckerglasur (Zucker, Weizenst\u00e4rke, Glukosesirup, Lebensmittelfarbstoffe: Spinatpulver, konzentrierter Rote-Bete-Saft, Saflor-Extrakt), Kakaobutter, karamellisierter Zuckersirup, Gew\u00fcrze (enth\u00e4lt Zimt), Kartoffelst\u00e4rke, Backpulver: Kaliumcarbonat, Diphosphat, Natriumcarbonate, Ammoniumcarbonate; Sonnenblumen\u00f6l, Fruktose, Schweinegelatine, Lebensmittelfarbstoffe: konzentrierter Rote-Bete-Saft; Butterfett, Geliermittel: Pektin; Verdickungsmittel: Gummi arabicum, Johannisbrotkernmehl; Feuchthaltemittel: Sorbit, Glycerin; Weizengrie\u00df, S\u00e4uerungsmittel: Zitronens\u00e4ure, Milchs\u00e4ure; getrocknetes Eiwei\u00df, Salz, Milchproteine, Apfelp\u00fcree, Apfelextrakt, Aprikosenp\u00fcree, Emulgatoren: Sojalecithine; nat\u00fcrliche Aromen. Kann N\u00fcsse, Erdn\u00fcsse, Lupinen und Sesam enthalten.<br \/>\nValeurs nutritionnelle pour 100g: Energie: 1592kJ \/ 376kcal &#8211; Mati\u00e8res grasses: 5g (dont acides gras satur\u00e9s: 3,2g) &#8211; Glucides: 75,6g (dont sucres: 50,3g) &#8211; Prot\u00e9ines: 3,5g &#8211; Sel: 0,34g<\/td>\n<\/tr>\n<\/tbody>\n<\/table>","protected":false},"excerpt":{"rendered":"<p>Entdecken Sie unsere k\u00f6stliche Auswahl an schokolierten Lebkuchen, einer typischen Spezialit\u00e4t des Elsass, die die ganze Familie begeistern wird. Jeder Bissen verbindet die Gew\u00fcrze des traditionellen Lebkuchens mit der unwiderstehlichen S\u00fc\u00dfe der Schokolade. Schmelzend im Mund entfaltet er bet\u00f6rende Aromen, die an die els\u00e4ssischen Festlichkeiten erinnern.<\/p>\n<p class=\" translation-block\">Dieses Sortiment eignet sich f\u00fcr jede Gelegenheit. Unsere Beutel oder <strong><a href=\"https:\/\/lamaisonduleckerlis.fr\/\/produit\/assortiments-de-pains-depices-boite\/\" target=\"_self\">Boxen<\/a><\/strong> sind ideal als Geschenk oder um sich selbst zu verw\u00f6hnen. Perfekt mit einer Tasse hei\u00dfen Tees im Winter oder als kleine S\u00fc\u00dfigkeit zu jeder Zeit. Lassen Sie sich von der Authentizit\u00e4t und Gro\u00dfz\u00fcgigkeit unserer schokolierten Lebkuchen verf\u00fchren.<br>\nErgeben Sie sich ihrem Charme und entdecken Sie das Elsass in jedem Bissen!<\/p>","protected":false},"featured_media":2441,"comment_status":"closed","ping_status":"closed","template":"","meta":{"site-sidebar-layout":"default","site-content-layout":"default","ast-site-content-layout":"default","site-content-style":"default","site-sidebar-style":"default","ast-global-header-display":"","ast-banner-title-visibility":"","ast-main-header-display":"","ast-hfb-above-header-display":"","ast-hfb-below-header-display":"","ast-hfb-mobile-header-display":"","site-post-title":"","ast-breadcrumbs-content":"","ast-featured-img":"","footer-sml-layout":"","ast-disable-related-posts":"","theme-transparent-header-meta":"default","adv-header-id-meta":"","stick-header-meta":"","header-above-stick-meta":"","header-main-stick-meta":"","header-below-stick-meta":"","astra-migrate-meta-layouts":"set","ast-page-background-enabled":"default","ast-page-background-meta":{"desktop":{"background-color":"var(--ast-global-color-4)","background-image":"","background-repeat":"repeat","background-position":"center center","background-size":"auto","background-attachment":"scroll","background-type":"","background-media":"","overlay-type":"","overlay-color":"","overlay-opacity":"","overlay-gradient":""},"tablet":{"background-color":"","background-image":"","background-repeat":"repeat","background-position":"center center","background-size":"auto","background-attachment":"scroll","background-type":"","background-media":"","overlay-type":"","overlay-color":"","overlay-opacity":"","overlay-gradient":""},"mobile":{"background-color":"","background-image":"","background-repeat":"repeat","background-position":"center center","background-size":"auto","background-attachment":"scroll","background-type":"","background-media":"","overlay-type":"","overlay-color":"","overlay-opacity":"","overlay-gradient":""}},"ast-content-background-meta":{"desktop":{"background-color":"var(--ast-global-color-5)","background-image":"","background-repeat":"repeat","background-position":"center center","background-size":"auto","background-attachment":"scroll","background-type":"","background-media":"","overlay-type":"","overlay-color":"","overlay-opacity":"","overlay-gradient":""},"tablet":{"background-color":"var(--ast-global-color-5)","background-image":"","background-repeat":"repeat","background-position":"center center","background-size":"auto","background-attachment":"scroll","background-type":"","background-media":"","overlay-type":"","overlay-color":"","overlay-opacity":"","overlay-gradient":""},"mobile":{"background-color":"var(--ast-global-color-5)","background-image":"","background-repeat":"repeat","background-position":"center center","background-size":"auto","background-attachment":"scroll","background-type":"","background-media":"","overlay-type":"","overlay-color":"","overlay-opacity":"","overlay-gradient":""}}},"product_brand":[],"product_cat":[22,21,61],"product_tag":[89,67],"class_list":{"0":"post-826","1":"product","2":"type-product","3":"status-publish","4":"has-post-thumbnail","6":"product_cat-pains-depices","7":"product_cat-bredele","8":"product_cat-sachet","9":"product_tag-coup-de-coeur","10":"product_tag-selection-du-moment","11":"desktop-align-left","12":"tablet-align-left","13":"mobile-align-left","15":"first","16":"instock","17":"shipping-taxable","18":"purchasable","19":"product-type-simple"},"jetpack_sharing_enabled":true,"_links":{"self":[{"href":"https:\/\/lamaisonduleckerlis.fr\/de\/wp-json\/wp\/v2\/product\/826","targetHints":{"allow":["GET"]}}],"collection":[{"href":"https:\/\/lamaisonduleckerlis.fr\/de\/wp-json\/wp\/v2\/product"}],"about":[{"href":"https:\/\/lamaisonduleckerlis.fr\/de\/wp-json\/wp\/v2\/types\/product"}],"replies":[{"embeddable":true,"href":"https:\/\/lamaisonduleckerlis.fr\/de\/wp-json\/wp\/v2\/comments?post=826"}],"wp:featuredmedia":[{"embeddable":true,"href":"https:\/\/lamaisonduleckerlis.fr\/de\/wp-json\/wp\/v2\/media\/2441"}],"wp:attachment":[{"href":"https:\/\/lamaisonduleckerlis.fr\/de\/wp-json\/wp\/v2\/media?parent=826"}],"wp:term":[{"taxonomy":"product_brand","embeddable":true,"href":"https:\/\/lamaisonduleckerlis.fr\/de\/wp-json\/wp\/v2\/product_brand?post=826"},{"taxonomy":"product_cat","embeddable":true,"href":"https:\/\/lamaisonduleckerlis.fr\/de\/wp-json\/wp\/v2\/product_cat?post=826"},{"taxonomy":"product_tag","embeddable":true,"href":"https:\/\/lamaisonduleckerlis.fr\/de\/wp-json\/wp\/v2\/product_tag?post=826"}],"curies":[{"name":"wp","href":"https:\/\/api.w.org\/{rel}","templated":true}]}}