{"id":834,"date":"2022-05-18T14:25:55","date_gmt":"2022-05-18T12:25:55","guid":{"rendered":"https:\/\/maison-du-leckerlis.cleanfap.com\/?post_type=product&#038;p=834"},"modified":"2025-03-10T09:34:35","modified_gmt":"2025-03-10T08:34:35","slug":"assortiments-de-bredele-biscuits-400gr-boite","status":"publish","type":"product","link":"https:\/\/lamaisonduleckerlis.fr\/de\/produkt\/assortiments-de-bredele-biscuits-400gr-boite\/","title":{"rendered":"Schachtel mit gemischten Bredele-Sorten, 400 g."},"content":{"rendered":"<table width=\"255\">\n<tbody>\n<tr>\n<td width=\"255\" class=\" translation-block\">**Leckerlis mit Fr\u00fcchten:**\nZutaten: Zucker, Weizenmehl (Gluten), 16% Rosinen, 13% Persipan (Aprikosenkerne, Zucker, Invertzuckersirup), 6% kandierte Orangenschalen (Orangenschalen, Glukose-Fruktose-Sirup, Zucker), 3% Haseln\u00fcsse, Butterfett (Milch), Eiwei\u00dfpulver, Feuchthaltemittel: Sorbitol, Glycerin; Puderzucker, Kartoffelst\u00e4rke, Backpulver: Natriumhydrogencarbonat; nat\u00fcrlicher Geschmack, Salz, Gew\u00fcrze, Verdickungsmittel: Gummi Arabicum.<br>\nN\u00e4hrwerte pro 100g: Energie: 1640 kJ \/ 389 kcal - Fett: 10,4 g (davon ges\u00e4ttigte Fetts\u00e4uren: 2,9 g) - Kohlenhydrate: 66,2 g (davon Zucker: 49 g) - Proteine: 6,4 g - Salz: 0,21 g<br>\n\n**Pain des Alpes:**\nZutaten: Zucker, Weizenmehl, Glukose-Fruktose-Sirup, kandierte Orangenschale, Gew\u00fcrze, Apfelextrakt, karamellisierter Zuckersirup, magerer Kakao, Backpulver (Natriumhydrogencarbonat, Ammoniumhydrogencarbonat), Kartoffelst\u00e4rke, Weizengrie\u00df, Fructose, Apfelp\u00fcree, Feuchthaltemittel: Sorbitol, Glycerin; S\u00e4ureregulator: Zitronens\u00e4ure, Milchs\u00e4ure; Eiwei\u00df, Milchprotein, Geliermittel: Pektine, Xanthan; Verdickungsmittel: Gummi Arabicum, Johannisbrotkernmehl; Salz, nat\u00fcrlicher Geschmack.<br>\nN\u00e4hrwerte pro 100g: Energie: 1454 kJ \/ 343 kcal - Fett: 1,2 g (davon ges\u00e4ttigte Fetts\u00e4uren: 0,5 g) - Kohlenhydrate: 76,8 g (davon Zucker: 44,4 g) - Proteine: 4,6 g - Salz: 0,97 g<br>\n\n**Anis Bredele:**\nZutaten: Zucker, Weizenmehl, 1,7% gr\u00fcne Anissamen.<br>\nN\u00e4hrwerte pro 100g: Energie: 1643 kJ \/ 388 kcal, Fett: 2,9 g (davon ges\u00e4ttigte Fetts\u00e4uren: 0,84 g), Kohlenhydrate: 81,5 g (davon Zucker: 46,7 g), Proteine: 7,9 g, Salz: 0,08 g<br>\n\n**Sortiment Pains d'\u00e9pices:**\nZutaten: Weizenmehl, Zucker, Glukose-Fruktose-Sirup, Kakaomasse, Zuckerguss (Zucker, Weizenst\u00e4rke, Glukosesirup, Lebensmittelfarbstoffe: Spinatpulver, konzentrierter Rote-Bete-Saft, Saflor-Extrakt), Kakaobutter, karamellisierter Zuckersirup, Gew\u00fcrze (enth\u00e4lt Zimt), Kartoffelst\u00e4rke, Backpulver: Kaliumcarbonat, Diphosphat, Natriumcarbonate, Ammoniumcarbonate; Sonnenblumen\u00f6l, Fructose, Schweinegelatine, Lebensmittelfarbstoffe: konzentrierter Rote-Bete-Saft; Butterfett, Geliermittel: Pektine; Verdickungsmittel: Gummi Arabicum, Johannisbrotkernmehl; Feuchthaltemittel: Sorbitol, Glycerin; Weizengrie\u00df, S\u00e4ureregulator: Zitronens\u00e4ure, Milchs\u00e4ure; getrocknetes Eiwei\u00df, Salz, Milchproteine, Apfelp\u00fcree, Apfelextrakt, Aprikosenp\u00fcree, Emulgatoren: Sojalecithine; nat\u00fcrlicher Geschmack.<br>\nN\u00e4hrwerte pro 100g: Energie: 1592 kJ \/ 376 kcal - Fett: 5 g (davon ges\u00e4ttigte Fetts\u00e4uren: 3,2 g) - Kohlenhydrate: 75,6 g (davon Zucker: 50,3 g) - Proteine: 3,5 g - Salz: 0,34 g<br>\nKann Spuren von Milch, Sesam, Erdn\u00fcssen, Soja, Lupinen und Schalenfr\u00fcchten enthalten.<\/td>\n<\/tr>\n<\/tbody>\n<\/table>\n<p>&nbsp;<\/p>","protected":false},"excerpt":{"rendered":"<p class=\" translation-block\">Entdecken Sie unsere wundersch\u00f6ne Box mit verschiedenen Bredele-Sorten, einem wahren gastronomischen Schatz aus dem Elsass. Jeder Bissen entf\u00fchrt Sie in die Welt der traditionellen und authentischen Aromen. Genie\u00dfen Sie eine Symphonie von Texturen und Geschmacksrichtungen mit einer Vielzahl von kleinen els\u00e4ssischen Keksen. Diese elegant pr\u00e4sentierte Box wird nicht nur die Augen, sondern auch die Geschmackssinne erfreuen.<br>\nPerfekt als Geschenk oder f\u00fcr Ihr eigenes Vergn\u00fcgen \u2013 diese Auswahl an Bredeles verleiht Ihren genussvollen Momenten eine Note von S\u00fc\u00dfe und Tradition.<\/p>","protected":false},"featured_media":2997,"comment_status":"open","ping_status":"closed","template":"","meta":{"site-sidebar-layout":"default","site-content-layout":"default","ast-site-content-layout":"default","site-content-style":"default","site-sidebar-style":"default","ast-global-header-display":"","ast-banner-title-visibility":"","ast-main-header-display":"","ast-hfb-above-header-display":"","ast-hfb-below-header-display":"","ast-hfb-mobile-header-display":"","site-post-title":"","ast-breadcrumbs-content":"","ast-featured-img":"","footer-sml-layout":"","ast-disable-related-posts":"","theme-transparent-header-meta":"default","adv-header-id-meta":"","stick-header-meta":"","header-above-stick-meta":"","header-main-stick-meta":"","header-below-stick-meta":"","astra-migrate-meta-layouts":"set","ast-page-background-enabled":"default","ast-page-background-meta":{"desktop":{"background-color":"var(--ast-global-color-4)","background-image":"","background-repeat":"repeat","background-position":"center center","background-size":"auto","background-attachment":"scroll","background-type":"","background-media":"","overlay-type":"","overlay-color":"","overlay-opacity":"","overlay-gradient":""},"tablet":{"background-color":"","background-image":"","background-repeat":"repeat","background-position":"center center","background-size":"auto","background-attachment":"scroll","background-type":"","background-media":"","overlay-type":"","overlay-color":"","overlay-opacity":"","overlay-gradient":""},"mobile":{"background-color":"","background-image":"","background-repeat":"repeat","background-position":"center center","background-size":"auto","background-attachment":"scroll","background-type":"","background-media":"","overlay-type":"","overlay-color":"","overlay-opacity":"","overlay-gradient":""}},"ast-content-background-meta":{"desktop":{"background-color":"var(--ast-global-color-5)","background-image":"","background-repeat":"repeat","background-position":"center center","background-size":"auto","background-attachment":"scroll","background-type":"","background-media":"","overlay-type":"","overlay-color":"","overlay-opacity":"","overlay-gradient":""},"tablet":{"background-color":"var(--ast-global-color-5)","background-image":"","background-repeat":"repeat","background-position":"center center","background-size":"auto","background-attachment":"scroll","background-type":"","background-media":"","overlay-type":"","overlay-color":"","overlay-opacity":"","overlay-gradient":""},"mobile":{"background-color":"var(--ast-global-color-5)","background-image":"","background-repeat":"repeat","background-position":"center center","background-size":"auto","background-attachment":"scroll","background-type":"","background-media":"","overlay-type":"","overlay-color":"","overlay-opacity":"","overlay-gradient":""}}},"product_brand":[],"product_cat":[21,60],"product_tag":[67],"class_list":{"0":"post-834","1":"product","2":"type-product","3":"status-publish","4":"has-post-thumbnail","6":"product_cat-bredele","7":"product_cat-boite","8":"product_tag-selection-du-moment","9":"desktop-align-left","10":"tablet-align-left","11":"mobile-align-left","13":"first","14":"instock","15":"shipping-taxable","16":"purchasable","17":"product-type-simple"},"jetpack_sharing_enabled":true,"_links":{"self":[{"href":"https:\/\/lamaisonduleckerlis.fr\/de\/wp-json\/wp\/v2\/product\/834","targetHints":{"allow":["GET"]}}],"collection":[{"href":"https:\/\/lamaisonduleckerlis.fr\/de\/wp-json\/wp\/v2\/product"}],"about":[{"href":"https:\/\/lamaisonduleckerlis.fr\/de\/wp-json\/wp\/v2\/types\/product"}],"replies":[{"embeddable":true,"href":"https:\/\/lamaisonduleckerlis.fr\/de\/wp-json\/wp\/v2\/comments?post=834"}],"wp:featuredmedia":[{"embeddable":true,"href":"https:\/\/lamaisonduleckerlis.fr\/de\/wp-json\/wp\/v2\/media\/2997"}],"wp:attachment":[{"href":"https:\/\/lamaisonduleckerlis.fr\/de\/wp-json\/wp\/v2\/media?parent=834"}],"wp:term":[{"taxonomy":"product_brand","embeddable":true,"href":"https:\/\/lamaisonduleckerlis.fr\/de\/wp-json\/wp\/v2\/product_brand?post=834"},{"taxonomy":"product_cat","embeddable":true,"href":"https:\/\/lamaisonduleckerlis.fr\/de\/wp-json\/wp\/v2\/product_cat?post=834"},{"taxonomy":"product_tag","embeddable":true,"href":"https:\/\/lamaisonduleckerlis.fr\/de\/wp-json\/wp\/v2\/product_tag?post=834"}],"curies":[{"name":"wp","href":"https:\/\/api.w.org\/{rel}","templated":true}]}}