{"id":852,"date":"2022-05-18T14:35:04","date_gmt":"2022-05-18T12:35:04","guid":{"rendered":"https:\/\/maison-du-leckerlis.cleanfap.com\/?post_type=product&#038;p=852"},"modified":"2025-06-04T10:57:13","modified_gmt":"2025-06-04T08:57:13","slug":"blanche-50cl","status":"publish","type":"product","link":"https:\/\/lamaisonduleckerlis.fr\/de\/produkt\/blanche-50cl\/","title":{"rendered":"Wei\u00dfe Bier von Onkel Hansi, 50 cl."},"content":{"rendered":"<p class=\" translation-block\"><strong>Zutaten:<\/strong> Wasser, reines Gerstenmalz, Weizen, Hafer, Hopfen, Hefe und Gew\u00fcrze.<\/p>","protected":false},"excerpt":{"rendered":"<p>D\u00e9couvrez la\u00a0<strong>bi\u00e8re blanche de l&#8217;oncle Hansi\u00a0<\/strong>!<\/p>\n<p class=\" translation-block\">Dieses els\u00e4ssische Wei\u00dfbier mit fruchtigen Aromen zeichnet sich durch einen malzigen Getreideantritt und Hefenoten aus. Der reichliche und \u00fcppige Schaum von Onkel Hansis Bier f\u00fchrt zu einer sehr leichten Bitterkeit f\u00fcr ein gut perlendes und sehr weiches Bier.<\/p>\n<p><!--more-->Elle est\u00a0<strong>referment\u00e9e en bouteille<\/strong>, ce qui induit la formation d&#8217;une<strong>\u00a0lie<\/strong>, due \u00e0\u00a0ses levures, garantissant la conservation de cette\u00a0<strong>bi\u00e8re sur lie\u00a0<\/strong>de qualit\u00e9. De\u00a0<strong>fabrication artisanale<\/strong>, cette bi\u00e8re n&#8217;est\u00a0<strong>ni filtr\u00e9e, ni pasteuris\u00e9e<\/strong>. D\u00e9gustez-la bien fra\u00eeche, elle sera parfaite \u00e0 l&#8217;ap\u00e9ritif.<\/p>\n<p class=\" translation-block\"><em>Ein \u00fcberm\u00e4\u00dfiger Alkoholkonsum ist gesundheitssch\u00e4dlich, trinken Sie verantwortungsbewusst. Der Verkauf von Alkohol ist f\u00fcr Personen unter 18 Jahren strengstens verboten.<\/em><\/p>","protected":false},"featured_media":2990,"comment_status":"open","ping_status":"closed","template":"","meta":{"site-sidebar-layout":"default","site-content-layout":"default","ast-site-content-layout":"default","site-content-style":"default","site-sidebar-style":"default","ast-global-header-display":"","ast-banner-title-visibility":"","ast-main-header-display":"","ast-hfb-above-header-display":"","ast-hfb-below-header-display":"","ast-hfb-mobile-header-display":"","site-post-title":"","ast-breadcrumbs-content":"","ast-featured-img":"","footer-sml-layout":"","ast-disable-related-posts":"","theme-transparent-header-meta":"default","adv-header-id-meta":"","stick-header-meta":"","header-above-stick-meta":"","header-main-stick-meta":"","header-below-stick-meta":"","astra-migrate-meta-layouts":"set","ast-page-background-enabled":"default","ast-page-background-meta":{"desktop":{"background-color":"var(--ast-global-color-4)","background-image":"","background-repeat":"repeat","background-position":"center center","background-size":"auto","background-attachment":"scroll","background-type":"","background-media":"","overlay-type":"","overlay-color":"","overlay-opacity":"","overlay-gradient":""},"tablet":{"background-color":"","background-image":"","background-repeat":"repeat","background-position":"center center","background-size":"auto","background-attachment":"scroll","background-type":"","background-media":"","overlay-type":"","overlay-color":"","overlay-opacity":"","overlay-gradient":""},"mobile":{"background-color":"","background-image":"","background-repeat":"repeat","background-position":"center center","background-size":"auto","background-attachment":"scroll","background-type":"","background-media":"","overlay-type":"","overlay-color":"","overlay-opacity":"","overlay-gradient":""}},"ast-content-background-meta":{"desktop":{"background-color":"var(--ast-global-color-5)","background-image":"","background-repeat":"repeat","background-position":"center center","background-size":"auto","background-attachment":"scroll","background-type":"","background-media":"","overlay-type":"","overlay-color":"","overlay-opacity":"","overlay-gradient":""},"tablet":{"background-color":"var(--ast-global-color-5)","background-image":"","background-repeat":"repeat","background-position":"center center","background-size":"auto","background-attachment":"scroll","background-type":"","background-media":"","overlay-type":"","overlay-color":"","overlay-opacity":"","overlay-gradient":""},"mobile":{"background-color":"var(--ast-global-color-5)","background-image":"","background-repeat":"repeat","background-position":"center center","background-size":"auto","background-attachment":"scroll","background-type":"","background-media":"","overlay-type":"","overlay-color":"","overlay-opacity":"","overlay-gradient":""}}},"product_brand":[],"product_cat":[122,26],"product_tag":[],"class_list":{"0":"post-852","1":"product","2":"type-product","3":"status-publish","4":"has-post-thumbnail","6":"product_cat-aperitifs-alsacien","7":"product_cat-bieres","8":"desktop-align-left","9":"tablet-align-left","10":"mobile-align-left","12":"first","13":"instock","14":"shipping-taxable","15":"purchasable","16":"product-type-simple"},"jetpack_sharing_enabled":true,"_links":{"self":[{"href":"https:\/\/lamaisonduleckerlis.fr\/de\/wp-json\/wp\/v2\/product\/852","targetHints":{"allow":["GET"]}}],"collection":[{"href":"https:\/\/lamaisonduleckerlis.fr\/de\/wp-json\/wp\/v2\/product"}],"about":[{"href":"https:\/\/lamaisonduleckerlis.fr\/de\/wp-json\/wp\/v2\/types\/product"}],"replies":[{"embeddable":true,"href":"https:\/\/lamaisonduleckerlis.fr\/de\/wp-json\/wp\/v2\/comments?post=852"}],"wp:featuredmedia":[{"embeddable":true,"href":"https:\/\/lamaisonduleckerlis.fr\/de\/wp-json\/wp\/v2\/media\/2990"}],"wp:attachment":[{"href":"https:\/\/lamaisonduleckerlis.fr\/de\/wp-json\/wp\/v2\/media?parent=852"}],"wp:term":[{"taxonomy":"product_brand","embeddable":true,"href":"https:\/\/lamaisonduleckerlis.fr\/de\/wp-json\/wp\/v2\/product_brand?post=852"},{"taxonomy":"product_cat","embeddable":true,"href":"https:\/\/lamaisonduleckerlis.fr\/de\/wp-json\/wp\/v2\/product_cat?post=852"},{"taxonomy":"product_tag","embeddable":true,"href":"https:\/\/lamaisonduleckerlis.fr\/de\/wp-json\/wp\/v2\/product_tag?post=852"}],"curies":[{"name":"wp","href":"https:\/\/api.w.org\/{rel}","templated":true}]}}