{"id":865,"date":"2022-05-18T14:41:51","date_gmt":"2022-05-18T12:41:51","guid":{"rendered":"https:\/\/maison-du-leckerlis.cleanfap.com\/?post_type=product&#038;p=865"},"modified":"2025-03-10T09:35:56","modified_gmt":"2025-03-10T08:35:56","slug":"choucroute","status":"publish","type":"product","link":"https:\/\/lamaisonduleckerlis.fr\/de\/produkt\/choucroute\/","title":{"rendered":"\"Sauerkraut Garni\" f\u00fcr 2 Personen"},"content":{"rendered":"<p>Ingr\u00e9dients : Choucroute (origine Alsace) 59%, viandes de porc saumur\u00e9es pr\u00e9cuites 20% (poitrines de porc, \u00e9chine de porc fum\u00e9e, eau, sel nitrit\u00e9, dextrose, vin blanc, stabilisant (E450 et E451), sel, ar\u00f4mes), knacks et saucisses fum\u00e9es 16% ( Viandes de porc, viande de b\u0153uf, gras de porc, eau, sel nitrit\u00e9, plasma de porc d\u00e9shydrat\u00e9, \u00e9pices, dextrose, \u00e9chalote, exhausteur de gout: E621, stabilisant (E450- E451), ar\u00f4me de fum\u00e9e, ar\u00f4me, boyau de mouton et de porc) saindoux, riesling 1,4%, \u00e9pices, sel, antioxydant: E300, baie de geni\u00e8vre.<\/p>\n<p>Viandes origine France<\/p>\n<p>&nbsp;<\/p>\n<p>&nbsp;<\/p>\n<p><b>Valeurs Nutritionnelles Moyennes pour 100g :<\/b><\/p>\n<p>Energie : 463kj \/ 111kcal<\/p>\n<p>Mati\u00e8res grasses : 8.3g dont acides gras satur\u00e9s : 3.4g<\/p>\n<p>Glucides: 2.8g dont sucre 2g<\/p>\n<p>prot\u00e9ines : 6.4g<\/p>\n<p>Sel : 1.15g<\/p>\n<p>&nbsp;<\/p>","protected":false},"excerpt":{"rendered":"<table style=\"height: 66px;\" width=\"669\">\n<tbody>\n<tr>\n<td colspan=\"5\" width=\"489\">Bl\u00fcte unserer els\u00e4ssischen Gastronomie, die ber\u00fchmte \"Choucroute Garnie\". Dieses komplette Gericht ist mit ger\u00e4uchertem Schweinenacken, gesalzenem Schweinebauch, Wiener W\u00fcrstchen und ger\u00e4ucherten W\u00fcrstchen verfeinert.<\/td>\n<\/tr>\n<\/tbody>\n<\/table>\n<p>&nbsp;<\/p>\n<p><strong>Verzehrempfehlung:<\/strong> R\u00e9chauffer en cocotte \u00e0 feux doux, durant 15 \u00e0 20 minutes. Arroser de vin blanc durant la cuisson. Servir accompagner de pomme de terres ou de spatzle.<\/p>\n<p>750-Gramm-Glas.<\/p>\n<p>&nbsp;<\/p>","protected":false},"featured_media":2962,"comment_status":"open","ping_status":"closed","template":"","meta":{"site-sidebar-layout":"default","site-content-layout":"default","ast-site-content-layout":"default","site-content-style":"default","site-sidebar-style":"default","ast-global-header-display":"","ast-banner-title-visibility":"","ast-main-header-display":"","ast-hfb-above-header-display":"","ast-hfb-below-header-display":"","ast-hfb-mobile-header-display":"","site-post-title":"","ast-breadcrumbs-content":"","ast-featured-img":"","footer-sml-layout":"","ast-disable-related-posts":"","theme-transparent-header-meta":"default","adv-header-id-meta":"","stick-header-meta":"","header-above-stick-meta":"","header-main-stick-meta":"","header-below-stick-meta":"","astra-migrate-meta-layouts":"set","ast-page-background-enabled":"default","ast-page-background-meta":{"desktop":{"background-color":"var(--ast-global-color-4)","background-image":"","background-repeat":"repeat","background-position":"center center","background-size":"auto","background-attachment":"scroll","background-type":"","background-media":"","overlay-type":"","overlay-color":"","overlay-opacity":"","overlay-gradient":""},"tablet":{"background-color":"","background-image":"","background-repeat":"repeat","background-position":"center center","background-size":"auto","background-attachment":"scroll","background-type":"","background-media":"","overlay-type":"","overlay-color":"","overlay-opacity":"","overlay-gradient":""},"mobile":{"background-color":"","background-image":"","background-repeat":"repeat","background-position":"center center","background-size":"auto","background-attachment":"scroll","background-type":"","background-media":"","overlay-type":"","overlay-color":"","overlay-opacity":"","overlay-gradient":""}},"ast-content-background-meta":{"desktop":{"background-color":"var(--ast-global-color-5)","background-image":"","background-repeat":"repeat","background-position":"center center","background-size":"auto","background-attachment":"scroll","background-type":"","background-media":"","overlay-type":"","overlay-color":"","overlay-opacity":"","overlay-gradient":""},"tablet":{"background-color":"var(--ast-global-color-5)","background-image":"","background-repeat":"repeat","background-position":"center center","background-size":"auto","background-attachment":"scroll","background-type":"","background-media":"","overlay-type":"","overlay-color":"","overlay-opacity":"","overlay-gradient":""},"mobile":{"background-color":"var(--ast-global-color-5)","background-image":"","background-repeat":"repeat","background-position":"center center","background-size":"auto","background-attachment":"scroll","background-type":"","background-media":"","overlay-type":"","overlay-color":"","overlay-opacity":"","overlay-gradient":""}}},"product_brand":[],"product_cat":[27],"product_tag":[],"class_list":{"0":"post-865","1":"product","2":"type-product","3":"status-publish","4":"has-post-thumbnail","6":"product_cat-terrines","7":"desktop-align-left","8":"tablet-align-left","9":"mobile-align-left","11":"first","12":"instock","13":"shipping-taxable","14":"purchasable","15":"product-type-simple"},"jetpack_sharing_enabled":true,"_links":{"self":[{"href":"https:\/\/lamaisonduleckerlis.fr\/de\/wp-json\/wp\/v2\/product\/865","targetHints":{"allow":["GET"]}}],"collection":[{"href":"https:\/\/lamaisonduleckerlis.fr\/de\/wp-json\/wp\/v2\/product"}],"about":[{"href":"https:\/\/lamaisonduleckerlis.fr\/de\/wp-json\/wp\/v2\/types\/product"}],"replies":[{"embeddable":true,"href":"https:\/\/lamaisonduleckerlis.fr\/de\/wp-json\/wp\/v2\/comments?post=865"}],"wp:featuredmedia":[{"embeddable":true,"href":"https:\/\/lamaisonduleckerlis.fr\/de\/wp-json\/wp\/v2\/media\/2962"}],"wp:attachment":[{"href":"https:\/\/lamaisonduleckerlis.fr\/de\/wp-json\/wp\/v2\/media?parent=865"}],"wp:term":[{"taxonomy":"product_brand","embeddable":true,"href":"https:\/\/lamaisonduleckerlis.fr\/de\/wp-json\/wp\/v2\/product_brand?post=865"},{"taxonomy":"product_cat","embeddable":true,"href":"https:\/\/lamaisonduleckerlis.fr\/de\/wp-json\/wp\/v2\/product_cat?post=865"},{"taxonomy":"product_tag","embeddable":true,"href":"https:\/\/lamaisonduleckerlis.fr\/de\/wp-json\/wp\/v2\/product_tag?post=865"}],"curies":[{"name":"wp","href":"https:\/\/api.w.org\/{rel}","templated":true}]}}