{"id":1518,"date":"2022-11-29T11:28:24","date_gmt":"2022-11-29T10:28:24","guid":{"rendered":"https:\/\/lamaisonduleckerlis.fr\/\/?post_type=product&#038;p=1518"},"modified":"2025-06-04T10:58:32","modified_gmt":"2025-06-04T08:58:32","slug":"lot-de-2-bouteilles-au-vin-blanc-dalsace","status":"publish","type":"product","link":"https:\/\/lamaisonduleckerlis.fr\/en\/product\/lot-de-2-bouteilles-au-vin-blanc-dalsace\/","title":{"rendered":"Set of 2 bottles of white wine"},"content":{"rendered":"","protected":false},"excerpt":{"rendered":"<p class=\" translation-block\">Savourez mon d\u00e9licieux vin chaud* au blanc d\u2019Alsace flamb\u00e9 au Marc de Gewurztraminer.<br>\r\nLe vin blanc d\u2019Alsace s\u00e9lectionn\u00e9 pour ses parfums subtils de fleurs, le Marc de Gewurztraminer issu des raisins des vignoble alsaciens, des agrumes non trait\u00e9s et des \u00e9pices aux parfums envoutants. Bonne d\u00e9gustation!<br>\r\n<b data-stringify-type=\"bold\">100% naturel&nbsp;<\/b>: vin blanc d\u2019Alsace du domaine de L\u2019Altenberg, Marc de Gewurztraminer 7 % Hagmeyer, cannelle, clou de girofle, badiane, poivre de Jama\u00efque, jus d\u2019orange, citron, sucre.<br>\r\n<b data-stringify-type=\"bold\">Pr\u00eat \u00e0 r\u00e9chauffer<\/b><br>\r\n*boisson vin\u00e9e aromatis\u00e9e \u00e0 base de vin<span class=\"c-message__edited_label\" dir=\"ltr\" data-sk=\"tooltip_parent\">&nbsp;<\/span><\/p>\n<p><strong>FRAIS DE PORT \u00c0 3.80\u20ac<\/strong><\/p>","protected":false},"featured_media":1520,"comment_status":"open","ping_status":"closed","template":"","meta":{"site-sidebar-layout":"default","site-content-layout":"default","ast-site-content-layout":"default","site-content-style":"default","site-sidebar-style":"default","ast-global-header-display":"","ast-banner-title-visibility":"","ast-main-header-display":"","ast-hfb-above-header-display":"","ast-hfb-below-header-display":"","ast-hfb-mobile-header-display":"","site-post-title":"","ast-breadcrumbs-content":"","ast-featured-img":"","footer-sml-layout":"","ast-disable-related-posts":"","theme-transparent-header-meta":"default","adv-header-id-meta":"","stick-header-meta":"","header-above-stick-meta":"","header-main-stick-meta":"","header-below-stick-meta":"","astra-migrate-meta-layouts":"default","ast-page-background-enabled":"default","ast-page-background-meta":{"desktop":{"background-color":"var(--ast-global-color-4)","background-image":"","background-repeat":"repeat","background-position":"center center","background-size":"auto","background-attachment":"scroll","background-type":"","background-media":"","overlay-type":"","overlay-color":"","overlay-opacity":"","overlay-gradient":""},"tablet":{"background-color":"","background-image":"","background-repeat":"repeat","background-position":"center center","background-size":"auto","background-attachment":"scroll","background-type":"","background-media":"","overlay-type":"","overlay-color":"","overlay-opacity":"","overlay-gradient":""},"mobile":{"background-color":"","background-image":"","background-repeat":"repeat","background-position":"center center","background-size":"auto","background-attachment":"scroll","background-type":"","background-media":"","overlay-type":"","overlay-color":"","overlay-opacity":"","overlay-gradient":""}},"ast-content-background-meta":{"desktop":{"background-color":"var(--ast-global-color-5)","background-image":"","background-repeat":"repeat","background-position":"center center","background-size":"auto","background-attachment":"scroll","background-type":"","background-media":"","overlay-type":"","overlay-color":"","overlay-opacity":"","overlay-gradient":""},"tablet":{"background-color":"var(--ast-global-color-5)","background-image":"","background-repeat":"repeat","background-position":"center center","background-size":"auto","background-attachment":"scroll","background-type":"","background-media":"","overlay-type":"","overlay-color":"","overlay-opacity":"","overlay-gradient":""},"mobile":{"background-color":"var(--ast-global-color-5)","background-image":"","background-repeat":"repeat","background-position":"center center","background-size":"auto","background-attachment":"scroll","background-type":"","background-media":"","overlay-type":"","overlay-color":"","overlay-opacity":"","overlay-gradient":""}}},"product_brand":[],"product_cat":[122,121,72],"product_tag":[],"class_list":{"0":"post-1518","1":"product","2":"type-product","3":"status-publish","4":"has-post-thumbnail","6":"product_cat-aperitifs-alsacien","7":"product_cat-vins-aperitifs","8":"product_cat-vin","9":"desktop-align-left","10":"tablet-align-left","11":"mobile-align-left","13":"first","14":"instock","15":"shipping-taxable","16":"purchasable","17":"product-type-simple"},"jetpack_sharing_enabled":true,"_links":{"self":[{"href":"https:\/\/lamaisonduleckerlis.fr\/en\/wp-json\/wp\/v2\/product\/1518","targetHints":{"allow":["GET"]}}],"collection":[{"href":"https:\/\/lamaisonduleckerlis.fr\/en\/wp-json\/wp\/v2\/product"}],"about":[{"href":"https:\/\/lamaisonduleckerlis.fr\/en\/wp-json\/wp\/v2\/types\/product"}],"replies":[{"embeddable":true,"href":"https:\/\/lamaisonduleckerlis.fr\/en\/wp-json\/wp\/v2\/comments?post=1518"}],"wp:featuredmedia":[{"embeddable":true,"href":"https:\/\/lamaisonduleckerlis.fr\/en\/wp-json\/wp\/v2\/media\/1520"}],"wp:attachment":[{"href":"https:\/\/lamaisonduleckerlis.fr\/en\/wp-json\/wp\/v2\/media?parent=1518"}],"wp:term":[{"taxonomy":"product_brand","embeddable":true,"href":"https:\/\/lamaisonduleckerlis.fr\/en\/wp-json\/wp\/v2\/product_brand?post=1518"},{"taxonomy":"product_cat","embeddable":true,"href":"https:\/\/lamaisonduleckerlis.fr\/en\/wp-json\/wp\/v2\/product_cat?post=1518"},{"taxonomy":"product_tag","embeddable":true,"href":"https:\/\/lamaisonduleckerlis.fr\/en\/wp-json\/wp\/v2\/product_tag?post=1518"}],"curies":[{"name":"wp","href":"https:\/\/api.w.org\/{rel}","templated":true}]}}