{"id":3938,"date":"2025-06-05T11:21:19","date_gmt":"2025-06-05T09:21:19","guid":{"rendered":"https:\/\/lamaisonduleckerlis.fr\/?post_type=product&#038;p=3938"},"modified":"2025-06-05T13:57:23","modified_gmt":"2025-06-05T11:57:23","slug":"baba-au-rhum-arrange-noix-de-coco","status":"publish","type":"product","link":"https:\/\/lamaisonduleckerlis.fr\/en\/product\/baba-au-rhum-arrange-noix-de-coco\/","title":{"rendered":"Baba au rhum arrang\u00e9 Noix de Coco"},"content":{"rendered":"<p>Baba (OEUFS, Farine de BLE, Sucre, Levain, Sel), sirop \u00e0 l&#8217;arrang\u00e9 de rhum \u00e0 la Noix de Coco \u00e0 12% volume (Sirop de sucre de canne, Arrang\u00e9 de rhum \u00e0 la Noix de Coco, acide citrique)<\/p>","protected":false},"excerpt":{"rendered":"<p data-start=\"106\" data-end=\"202\"><strong data-start=\"106\" data-end=\"161\">\u00c9dition Limit\u00e9e \u2013 Baba au Rhum Arrang\u00e9 Noix de Coco<\/strong><br data-start=\"161\" data-end=\"164\" \/>Une escapade tropicale dans un bocal !<\/p>\n<p data-start=\"204\" data-end=\"516\">Cet \u00e9t\u00e9, craquez pour notre douceur ensoleill\u00e9e : un baba tendre et moelleux, g\u00e9n\u00e9reusement imbib\u00e9 de rhum arrang\u00e9 \u00e0 la noix de coco, pr\u00e9par\u00e9 avec passion en Alsace. Doux, exotique et d\u00e9licatement parfum\u00e9, ce dessert vous transporte directement sous les tropiques, entre finesse artisanale et saveurs lointaines.<\/p>\n<p data-start=\"518\" data-end=\"681\">\ud83e\udd65 Fabriqu\u00e9 en \u00e9dition ultra limit\u00e9e pour la saison estivale<br data-start=\"578\" data-end=\"581\" \/>\ud83c\udf34 Parfait en dessert, pour un ap\u00e9ritif original ou \u00e0 offrir \u00e0 ceux qui aiment l\u2019\u00e9vasion gourmande !<\/p>\n<hr data-start=\"683\" data-end=\"686\" \/>\n<p data-start=\"688\" data-end=\"765\"><strong data-start=\"688\" data-end=\"765\">L\u2019abus d\u2019alcool est dangereux pour la sant\u00e9. \u00c0 consommer avec mod\u00e9ration.<\/strong><\/p>","protected":false},"featured_media":3946,"comment_status":"closed","ping_status":"closed","template":"","meta":{"site-sidebar-layout":"default","site-content-layout":"","ast-site-content-layout":"default","site-content-style":"default","site-sidebar-style":"default","ast-global-header-display":"","ast-banner-title-visibility":"","ast-main-header-display":"","ast-hfb-above-header-display":"","ast-hfb-below-header-display":"","ast-hfb-mobile-header-display":"","site-post-title":"","ast-breadcrumbs-content":"","ast-featured-img":"","footer-sml-layout":"","ast-disable-related-posts":"","theme-transparent-header-meta":"default","adv-header-id-meta":"","stick-header-meta":"","header-above-stick-meta":"","header-main-stick-meta":"","header-below-stick-meta":"","astra-migrate-meta-layouts":"set","ast-page-background-enabled":"default","ast-page-background-meta":{"desktop":{"background-color":"var(--ast-global-color-4)","background-image":"","background-repeat":"repeat","background-position":"center center","background-size":"auto","background-attachment":"scroll","background-type":"","background-media":"","overlay-type":"","overlay-color":"","overlay-opacity":"","overlay-gradient":""},"tablet":{"background-color":"","background-image":"","background-repeat":"repeat","background-position":"center center","background-size":"auto","background-attachment":"scroll","background-type":"","background-media":"","overlay-type":"","overlay-color":"","overlay-opacity":"","overlay-gradient":""},"mobile":{"background-color":"","background-image":"","background-repeat":"repeat","background-position":"center center","background-size":"auto","background-attachment":"scroll","background-type":"","background-media":"","overlay-type":"","overlay-color":"","overlay-opacity":"","overlay-gradient":""}},"ast-content-background-meta":{"desktop":{"background-color":"var(--ast-global-color-5)","background-image":"","background-repeat":"repeat","background-position":"center center","background-size":"auto","background-attachment":"scroll","background-type":"","background-media":"","overlay-type":"","overlay-color":"","overlay-opacity":"","overlay-gradient":""},"tablet":{"background-color":"var(--ast-global-color-5)","background-image":"","background-repeat":"repeat","background-position":"center center","background-size":"auto","background-attachment":"scroll","background-type":"","background-media":"","overlay-type":"","overlay-color":"","overlay-opacity":"","overlay-gradient":""},"mobile":{"background-color":"var(--ast-global-color-5)","background-image":"","background-repeat":"repeat","background-position":"center center","background-size":"auto","background-attachment":"scroll","background-type":"","background-media":"","overlay-type":"","overlay-color":"","overlay-opacity":"","overlay-gradient":""}}},"product_brand":[],"product_cat":[120,73],"product_tag":[123],"class_list":{"0":"post-3938","1":"product","2":"type-product","3":"status-publish","4":"has-post-thumbnail","6":"product_cat-elsass-baba-les-babas-d-alsace","7":"product_cat-epicerie-sucree","8":"product_tag-nouveaute","9":"product_shipping_class-pas-vin","10":"desktop-align-left","11":"tablet-align-left","12":"mobile-align-left","14":"first","15":"instock","16":"shipping-taxable","17":"purchasable","18":"product-type-simple"},"jetpack_sharing_enabled":true,"_links":{"self":[{"href":"https:\/\/lamaisonduleckerlis.fr\/en\/wp-json\/wp\/v2\/product\/3938","targetHints":{"allow":["GET"]}}],"collection":[{"href":"https:\/\/lamaisonduleckerlis.fr\/en\/wp-json\/wp\/v2\/product"}],"about":[{"href":"https:\/\/lamaisonduleckerlis.fr\/en\/wp-json\/wp\/v2\/types\/product"}],"replies":[{"embeddable":true,"href":"https:\/\/lamaisonduleckerlis.fr\/en\/wp-json\/wp\/v2\/comments?post=3938"}],"wp:featuredmedia":[{"embeddable":true,"href":"https:\/\/lamaisonduleckerlis.fr\/en\/wp-json\/wp\/v2\/media\/3946"}],"wp:attachment":[{"href":"https:\/\/lamaisonduleckerlis.fr\/en\/wp-json\/wp\/v2\/media?parent=3938"}],"wp:term":[{"taxonomy":"product_brand","embeddable":true,"href":"https:\/\/lamaisonduleckerlis.fr\/en\/wp-json\/wp\/v2\/product_brand?post=3938"},{"taxonomy":"product_cat","embeddable":true,"href":"https:\/\/lamaisonduleckerlis.fr\/en\/wp-json\/wp\/v2\/product_cat?post=3938"},{"taxonomy":"product_tag","embeddable":true,"href":"https:\/\/lamaisonduleckerlis.fr\/en\/wp-json\/wp\/v2\/product_tag?post=3938"}],"curies":[{"name":"wp","href":"https:\/\/api.w.org\/{rel}","templated":true}]}}