{"id":862,"date":"2022-05-18T14:38:57","date_gmt":"2022-05-18T12:38:57","guid":{"rendered":"https:\/\/maison-du-leckerlis.cleanfap.com\/?post_type=product&#038;p=862"},"modified":"2025-03-10T09:35:57","modified_gmt":"2025-03-10T08:35:57","slug":"biere","status":"publish","type":"product","link":"https:\/\/lamaisonduleckerlis.fr\/en\/product\/biere\/","title":{"rendered":"Terrine with alsatian Cr\u00e9mant 180g"},"content":{"rendered":"<p><strong>Ingr\u00e9dients :\u00a0<\/strong><\/p>\n<p>Gorge de porc 53%, foie de porc 18%, viande de porc 18%, Cr\u00e9mant d&#8217;Alsace 4% ,champignons de paris, sel, carottes, prot\u00e9ines de <strong>LAIT,<\/strong> oignons, poireaux, \u00e9pices.<\/p>\n<p>Porc d&#8217;origine France.<\/p>\n<p>&nbsp;<\/p>\n<p><strong>Valeurs nutritionnelles Moyenne pour 100g :<\/strong><\/p>\n<p>Energie :1295Kj \/ 313Kcal<\/p>\n<p>Mati\u00e8res grasses : 27g dont acide gras satur\u00e9s : 9.7g<\/p>\n<p>Glucides : 2.0g dont sucres : traces<\/p>\n<p>prot\u00e9ines : 15g<\/p>\n<p>sel : 1,47g<\/p>","protected":false},"excerpt":{"rendered":"<p>D\u00e9couvrez la finesse de notre terroir avec cette terrine au cr\u00e9mant d&#8217;alsace, la l\u00e9g\u00e8ret\u00e9 du cr\u00e9mant vient apporter finesse et distinction pour obtenir une terrine qui se pr\u00eatera parfaitement pour tout ap\u00e9ritif.<\/p>","protected":false},"featured_media":2958,"comment_status":"open","ping_status":"closed","template":"","meta":{"site-sidebar-layout":"default","site-content-layout":"default","ast-site-content-layout":"default","site-content-style":"default","site-sidebar-style":"default","ast-global-header-display":"","ast-banner-title-visibility":"","ast-main-header-display":"","ast-hfb-above-header-display":"","ast-hfb-below-header-display":"","ast-hfb-mobile-header-display":"","site-post-title":"","ast-breadcrumbs-content":"","ast-featured-img":"","footer-sml-layout":"","ast-disable-related-posts":"","theme-transparent-header-meta":"default","adv-header-id-meta":"","stick-header-meta":"","header-above-stick-meta":"","header-main-stick-meta":"","header-below-stick-meta":"","astra-migrate-meta-layouts":"set","ast-page-background-enabled":"default","ast-page-background-meta":{"desktop":{"background-color":"var(--ast-global-color-4)","background-image":"","background-repeat":"repeat","background-position":"center center","background-size":"auto","background-attachment":"scroll","background-type":"","background-media":"","overlay-type":"","overlay-color":"","overlay-opacity":"","overlay-gradient":""},"tablet":{"background-color":"","background-image":"","background-repeat":"repeat","background-position":"center center","background-size":"auto","background-attachment":"scroll","background-type":"","background-media":"","overlay-type":"","overlay-color":"","overlay-opacity":"","overlay-gradient":""},"mobile":{"background-color":"","background-image":"","background-repeat":"repeat","background-position":"center center","background-size":"auto","background-attachment":"scroll","background-type":"","background-media":"","overlay-type":"","overlay-color":"","overlay-opacity":"","overlay-gradient":""}},"ast-content-background-meta":{"desktop":{"background-color":"var(--ast-global-color-5)","background-image":"","background-repeat":"repeat","background-position":"center center","background-size":"auto","background-attachment":"scroll","background-type":"","background-media":"","overlay-type":"","overlay-color":"","overlay-opacity":"","overlay-gradient":""},"tablet":{"background-color":"var(--ast-global-color-5)","background-image":"","background-repeat":"repeat","background-position":"center center","background-size":"auto","background-attachment":"scroll","background-type":"","background-media":"","overlay-type":"","overlay-color":"","overlay-opacity":"","overlay-gradient":""},"mobile":{"background-color":"var(--ast-global-color-5)","background-image":"","background-repeat":"repeat","background-position":"center center","background-size":"auto","background-attachment":"scroll","background-type":"","background-media":"","overlay-type":"","overlay-color":"","overlay-opacity":"","overlay-gradient":""}}},"product_brand":[],"product_cat":[27],"product_tag":[],"class_list":{"0":"post-862","1":"product","2":"type-product","3":"status-publish","4":"has-post-thumbnail","6":"product_cat-terrines","7":"desktop-align-left","8":"tablet-align-left","9":"mobile-align-left","11":"first","12":"instock","13":"shipping-taxable","14":"purchasable","15":"product-type-simple"},"jetpack_sharing_enabled":true,"_links":{"self":[{"href":"https:\/\/lamaisonduleckerlis.fr\/en\/wp-json\/wp\/v2\/product\/862","targetHints":{"allow":["GET"]}}],"collection":[{"href":"https:\/\/lamaisonduleckerlis.fr\/en\/wp-json\/wp\/v2\/product"}],"about":[{"href":"https:\/\/lamaisonduleckerlis.fr\/en\/wp-json\/wp\/v2\/types\/product"}],"replies":[{"embeddable":true,"href":"https:\/\/lamaisonduleckerlis.fr\/en\/wp-json\/wp\/v2\/comments?post=862"}],"wp:featuredmedia":[{"embeddable":true,"href":"https:\/\/lamaisonduleckerlis.fr\/en\/wp-json\/wp\/v2\/media\/2958"}],"wp:attachment":[{"href":"https:\/\/lamaisonduleckerlis.fr\/en\/wp-json\/wp\/v2\/media?parent=862"}],"wp:term":[{"taxonomy":"product_brand","embeddable":true,"href":"https:\/\/lamaisonduleckerlis.fr\/en\/wp-json\/wp\/v2\/product_brand?post=862"},{"taxonomy":"product_cat","embeddable":true,"href":"https:\/\/lamaisonduleckerlis.fr\/en\/wp-json\/wp\/v2\/product_cat?post=862"},{"taxonomy":"product_tag","embeddable":true,"href":"https:\/\/lamaisonduleckerlis.fr\/en\/wp-json\/wp\/v2\/product_tag?post=862"}],"curies":[{"name":"wp","href":"https:\/\/api.w.org\/{rel}","templated":true}]}}