{"id":871,"date":"2022-05-18T14:40:05","date_gmt":"2022-05-18T12:40:05","guid":{"rendered":"https:\/\/maison-du-leckerlis.cleanfap.com\/?post_type=product&#038;p=871"},"modified":"2025-03-10T09:35:57","modified_gmt":"2025-03-10T08:35:57","slug":"marc-de-gewurtz","status":"publish","type":"product","link":"https:\/\/lamaisonduleckerlis.fr\/en\/product\/marc-de-gewurtz\/","title":{"rendered":"Terrine with Gewurztraminer marc - 180g"},"content":{"rendered":"<p><strong>Ingr\u00e9dients :<\/strong><br \/>\nGorge de porc 52% (France), viande de Porc 17% (France), foie de porc 14% (France), marc de Gewurztraminer 4,3% (Volume alcool 45\u00b0) (<strong>sulfites<\/strong>), raisins de Corinthe, sel, prot\u00e9ines de\u00a0<strong>lait<\/strong>, dextrose, \u00e9pices, plantes aromatiques, sel, ar\u00f4me.<\/p>\n<div><strong>Valeurs nutritionnelles moyennes pour 100g :<\/strong><\/div>\n<div>Energie : 1295 kJ \/ 313 kcal ; Mati\u00e8res grasses : 27g dont acides gras satur\u00e9s : 9.7g ; Glucides : 2.0g ; Prot\u00e9ines : 15g ; Sel : 1.47g<\/div>","protected":false},"excerpt":{"rendered":"<p>Pr\u00e9par\u00e9e dans la\u00a0tradition alsacienne, cette terrine\u00a0gourmande et raffin\u00e9e\u00a0fera l&#8217;unanimit\u00e9. C&#8217;est en alliant la d\u00e9licatesse de ce\u00a0c\u00e9page alsacien, le\u00a0fruit\u00e9 du\u00a0raisin\u00a0et une touche d&#8217;\u00e9pices parfaitement dos\u00e9s, \u00e0 une\u00a0viande de porc de qualit\u00e9\u00a0que cette\u00a0d\u00e9licieuse terrine\u00a0se d\u00e9marque des autres.<\/p>\n<p>Elle sera parfaite\u00a0en entr\u00e9e\u00a0accompagn\u00e9e d&#8217;une salade, sur des tranches de pain de campagne ou sur une assiette de charcuterie.<\/p>","protected":false},"featured_media":2959,"comment_status":"open","ping_status":"closed","template":"","meta":{"site-sidebar-layout":"default","site-content-layout":"default","ast-site-content-layout":"default","site-content-style":"default","site-sidebar-style":"default","ast-global-header-display":"","ast-banner-title-visibility":"","ast-main-header-display":"","ast-hfb-above-header-display":"","ast-hfb-below-header-display":"","ast-hfb-mobile-header-display":"","site-post-title":"","ast-breadcrumbs-content":"","ast-featured-img":"","footer-sml-layout":"","ast-disable-related-posts":"","theme-transparent-header-meta":"default","adv-header-id-meta":"","stick-header-meta":"","header-above-stick-meta":"","header-main-stick-meta":"","header-below-stick-meta":"","astra-migrate-meta-layouts":"set","ast-page-background-enabled":"default","ast-page-background-meta":{"desktop":{"background-color":"var(--ast-global-color-4)","background-image":"","background-repeat":"repeat","background-position":"center center","background-size":"auto","background-attachment":"scroll","background-type":"","background-media":"","overlay-type":"","overlay-color":"","overlay-opacity":"","overlay-gradient":""},"tablet":{"background-color":"","background-image":"","background-repeat":"repeat","background-position":"center center","background-size":"auto","background-attachment":"scroll","background-type":"","background-media":"","overlay-type":"","overlay-color":"","overlay-opacity":"","overlay-gradient":""},"mobile":{"background-color":"","background-image":"","background-repeat":"repeat","background-position":"center center","background-size":"auto","background-attachment":"scroll","background-type":"","background-media":"","overlay-type":"","overlay-color":"","overlay-opacity":"","overlay-gradient":""}},"ast-content-background-meta":{"desktop":{"background-color":"var(--ast-global-color-5)","background-image":"","background-repeat":"repeat","background-position":"center center","background-size":"auto","background-attachment":"scroll","background-type":"","background-media":"","overlay-type":"","overlay-color":"","overlay-opacity":"","overlay-gradient":""},"tablet":{"background-color":"var(--ast-global-color-5)","background-image":"","background-repeat":"repeat","background-position":"center center","background-size":"auto","background-attachment":"scroll","background-type":"","background-media":"","overlay-type":"","overlay-color":"","overlay-opacity":"","overlay-gradient":""},"mobile":{"background-color":"var(--ast-global-color-5)","background-image":"","background-repeat":"repeat","background-position":"center center","background-size":"auto","background-attachment":"scroll","background-type":"","background-media":"","overlay-type":"","overlay-color":"","overlay-opacity":"","overlay-gradient":""}}},"product_brand":[],"product_cat":[27],"product_tag":[],"class_list":{"0":"post-871","1":"product","2":"type-product","3":"status-publish","4":"has-post-thumbnail","6":"product_cat-terrines","7":"desktop-align-left","8":"tablet-align-left","9":"mobile-align-left","11":"first","12":"instock","13":"shipping-taxable","14":"purchasable","15":"product-type-simple"},"jetpack_sharing_enabled":true,"_links":{"self":[{"href":"https:\/\/lamaisonduleckerlis.fr\/en\/wp-json\/wp\/v2\/product\/871","targetHints":{"allow":["GET"]}}],"collection":[{"href":"https:\/\/lamaisonduleckerlis.fr\/en\/wp-json\/wp\/v2\/product"}],"about":[{"href":"https:\/\/lamaisonduleckerlis.fr\/en\/wp-json\/wp\/v2\/types\/product"}],"replies":[{"embeddable":true,"href":"https:\/\/lamaisonduleckerlis.fr\/en\/wp-json\/wp\/v2\/comments?post=871"}],"wp:featuredmedia":[{"embeddable":true,"href":"https:\/\/lamaisonduleckerlis.fr\/en\/wp-json\/wp\/v2\/media\/2959"}],"wp:attachment":[{"href":"https:\/\/lamaisonduleckerlis.fr\/en\/wp-json\/wp\/v2\/media?parent=871"}],"wp:term":[{"taxonomy":"product_brand","embeddable":true,"href":"https:\/\/lamaisonduleckerlis.fr\/en\/wp-json\/wp\/v2\/product_brand?post=871"},{"taxonomy":"product_cat","embeddable":true,"href":"https:\/\/lamaisonduleckerlis.fr\/en\/wp-json\/wp\/v2\/product_cat?post=871"},{"taxonomy":"product_tag","embeddable":true,"href":"https:\/\/lamaisonduleckerlis.fr\/en\/wp-json\/wp\/v2\/product_tag?post=871"}],"curies":[{"name":"wp","href":"https:\/\/api.w.org\/{rel}","templated":true}]}}